{"id":27,"date":"2024-10-26T17:59:31","date_gmt":"2024-10-26T17:59:31","guid":{"rendered":"https:\/\/decme.armesis.com\/?page_id=27"},"modified":"2024-11-29T23:44:08","modified_gmt":"2024-11-29T23:44:08","slug":"nosotros","status":"publish","type":"page","link":"https:\/\/decme.armesis.com\/index.php\/nosotros\/","title":{"rendered":"Nosotros"},"content":{"rendered":"<p>[et_pb_section fb_built=\u00bb1&#8243; fullwidth=\u00bbon\u00bb _builder_version=\u00bb4.27.2&#8243; _module_preset=\u00bbdefault\u00bb background_image=\u00bbhttps:\/\/decme.armesis.com\/wp-content\/uploads\/2024\/11\/NOSOTROSE.jpg\u00bb parallax=\u00bbon\u00bb custom_padding=\u00bb57px||313px|||\u00bb bottom_divider_style=\u00bbcurve2&#8243; bottom_divider_color=\u00bb#7d7d7d\u00bb animation_style=\u00bbzoom\u00bb global_colors_info=\u00bb{}\u00bb][et_pb_fullwidth_header title=\u00bbNosotros\u00bb _builder_version=\u00bb4.27.2&#8243; _module_preset=\u00bbdefault\u00bb title_font=\u00bb|700|||||||\u00bb title_font_size=\u00bb42px\u00bb background_enable_color=\u00bboff\u00bb transform_translate=\u00bb0px|115px\u00bb transform_translate_linked=\u00bboff\u00bb custom_padding=\u00bb44px|||||\u00bb title_text_shadow_style=\u00bbpreset3&#8243; title_text_shadow_vertical_length=\u00bb0.25em\u00bb title_text_shadow_blur_strength=\u00bb0.24em\u00bb title_text_shadow_color=\u00bb#000000&#8243; global_colors_info=\u00bb{}\u00bb][\/et_pb_fullwidth_header][\/et_pb_section][et_pb_section fb_built=\u00bb1&#8243; next_background_color=\u00bb#ffffff\u00bb _builder_version=\u00bb4.27.2&#8243; _module_preset=\u00bbdefault\u00bb background_color=\u00bb#7d7d7d\u00bb background_enable_image=\u00bboff\u00bb custom_padding=\u00bb107px||87px|||\u00bb bottom_divider_style=\u00bbarrow2&#8243; bottom_divider_height=\u00bb90px\u00bb bottom_divider_flip=\u00bbvertical\u00bb global_colors_info=\u00bb{}\u00bb][et_pb_row _builder_version=\u00bb4.27.2&#8243; _module_preset=\u00bbdefault\u00bb custom_padding=\u00bb12px|||||\u00bb global_colors_info=\u00bb{}\u00bb][et_pb_column type=\u00bb4_4&#8243; _builder_version=\u00bb4.27.2&#8243; _module_preset=\u00bbdefault\u00bb global_colors_info=\u00bb{}\u00bb][et_pb_blurb title=\u00bb\u00bfQui\u00e9nes somos?\u00bb _builder_version=\u00bb4.27.2&#8243; _module_preset=\u00bbdefault\u00bb header_level=\u00bbh2&#8243; header_font=\u00bb|700|||||||\u00bb header_text_align=\u00bbcenter\u00bb header_text_color=\u00bb#FFFFFF\u00bb header_line_height=\u00bb1.2em\u00bb body_text_align=\u00bbcenter\u00bb body_text_color=\u00bb#FFFFFF\u00bb transform_translate=\u00bb0px|-35px\u00bb transform_translate_linked=\u00bboff\u00bb custom_padding=\u00bb10px|300px|10px|300px|true|true\u00bb animation_style=\u00bbzoom\u00bb header_text_shadow_style=\u00bbpreset1&#8243; header_text_shadow_color=\u00bbrgba(56,56,56,0.69)\u00bb global_colors_info=\u00bb{}\u00bb]<\/p>\n<p>Nuestra principal fortaleza siempre ser\u00e1 el factor humano el cual se encarga de asesorar a todos nuestros clientes en su proceso de compra para que adquieran los mejores productos a un precio justo, cubriendo as\u00ed todas sus necesidades y superando sus expectativas. Actualmente las oficinas centrales se ubican en la ciudad de C\u00f3rdoba, Ver., adem\u00e1s de tener presencia internacional en Sudam\u00e9rica.<\/p>\n<p>[\/et_pb_blurb][\/et_pb_column][\/et_pb_row][\/et_pb_section][et_pb_section fb_built=\u00bb1&#8243; _builder_version=\u00bb4.27.2&#8243; _module_preset=\u00bbdefault\u00bb custom_padding=\u00bb60px||8px|||\u00bb global_colors_info=\u00bb{}\u00bb][et_pb_row column_structure=\u00bb1_3,1_3,1_3&#8243; _builder_version=\u00bb4.27.2&#8243; _module_preset=\u00bbdefault\u00bb global_colors_info=\u00bb{}\u00bb][et_pb_column type=\u00bb1_3&#8243; _builder_version=\u00bb4.27.2&#8243; _module_preset=\u00bbdefault\u00bb background_enable_color=\u00bboff\u00bb global_colors_info=\u00bb{}\u00bb][et_pb_text _builder_version=\u00bb4.27.2&#8243; _module_preset=\u00bbdefault\u00bb text_text_color=\u00bb#FFFFFF\u00bb header_3_font=\u00bb|700|||||||\u00bb header_3_text_align=\u00bbcenter\u00bb header_3_text_color=\u00bb#FFFFFF\u00bb background_color=\u00bb#4679d2&#8243; transform_translate=\u00bb56px|-25px\u00bb transform_translate_linked=\u00bboff\u00bb text_orientation=\u00bbcenter\u00bb custom_padding=\u00bb39px|25px|39px|25px|true|true\u00bb animation_style=\u00bbzoom\u00bb border_radii=\u00bbon|35px|35px|35px|35px\u00bb box_shadow_style=\u00bbpreset3&#8243; box_shadow_color=\u00bb#7c7c7c\u00bb global_colors_info=\u00bb{}\u00bb]<\/p>\n<h3>MISI\u00d3N<\/h3>\n<p style=\"text-align: justify;\">Fortalecernos como empresa, mejorando d\u00eda a d\u00eda la calidad de nuestros productos y servicios conforme a la oferta y demanda del mercado local y nacional, integrando nuevas marcas y l\u00edneas de productos a un precio accesible y con la mejor tecnolog\u00eda.<\/p>\n<p>[\/et_pb_text][et_pb_image src=\u00bbhttps:\/\/decme.armesis.com\/wp-content\/uploads\/2024\/11\/noso2.jpg\u00bb title_text=\u00bbnoso2&#8243; _builder_version=\u00bb4.27.2&#8243; _module_preset=\u00bbdefault\u00bb transform_translate=\u00bb56px|-53px\u00bb transform_translate_linked=\u00bboff\u00bb animation_style=\u00bbzoom\u00bb animation_delay=\u00bb100ms\u00bb border_radii=\u00bbon|35px|35px|35px|35px\u00bb box_shadow_style=\u00bbpreset3&#8243; box_shadow_color=\u00bb#7c7c7c\u00bb global_colors_info=\u00bb{}\u00bb][\/et_pb_image][\/et_pb_column][et_pb_column type=\u00bb1_3&#8243; _builder_version=\u00bb4.27.2&#8243; _module_preset=\u00bbdefault\u00bb global_colors_info=\u00bb{}\u00bb][et_pb_image src=\u00bbhttps:\/\/decme.armesis.com\/wp-content\/uploads\/2024\/11\/noso1.jpg\u00bb title_text=\u00bbnoso1&#8243; _builder_version=\u00bb4.27.2&#8243; _module_preset=\u00bbdefault\u00bb transform_translate=\u00bb0px|25px\u00bb transform_translate_linked=\u00bboff\u00bb animation_style=\u00bbzoom\u00bb animation_delay=\u00bb50ms\u00bb border_radii=\u00bbon|35px|35px|35px|35px\u00bb box_shadow_style=\u00bbpreset3&#8243; box_shadow_color=\u00bb#7c7c7c\u00bb global_colors_info=\u00bb{}\u00bb][\/et_pb_image][et_pb_text _builder_version=\u00bb4.27.2&#8243; _module_preset=\u00bbdefault\u00bb text_text_color=\u00bb#FFFFFF\u00bb header_3_font=\u00bb|700|||||||\u00bb header_3_text_align=\u00bbcenter\u00bb header_3_text_color=\u00bb#FFFFFF\u00bb background_color=\u00bb#4679d2&#8243; transform_translate=\u00bb0px|-4px\u00bb transform_translate_linked=\u00bboff\u00bb text_orientation=\u00bbright\u00bb custom_padding=\u00bb34px|25px|34px|25px|true|true\u00bb animation_style=\u00bbzoom\u00bb animation_delay=\u00bb150ms\u00bb border_radii=\u00bbon|35px|35px|35px|35px\u00bb box_shadow_style=\u00bbpreset3&#8243; box_shadow_color=\u00bb#7c7c7c\u00bb global_colors_info=\u00bb{}\u00bb]<\/p>\n<h3>VALORES INSTITUCIONALES<\/h3>\n<p style=\"text-align: justify;\"><b>Responsabilidad:<span>\u00a0<\/span><\/b>Comprometidos en tiempo y forma con la satisfacci\u00f3n del cliente.<\/p>\n<p style=\"text-align: justify;\"><b>Trabajo en equipo:<span>\u00a0<\/span><\/b>La uni\u00f3n y coordinaci\u00f3n de nuestro personal se refleja en cada producto y env\u00edo entregado exitosamente.<\/p>\n<p>[\/et_pb_text][\/et_pb_column][et_pb_column type=\u00bb1_3&#8243; _builder_version=\u00bb4.27.2&#8243; _module_preset=\u00bbdefault\u00bb global_colors_info=\u00bb{}\u00bb][et_pb_text _builder_version=\u00bb4.27.2&#8243; _module_preset=\u00bbdefault\u00bb text_text_color=\u00bb#FFFFFF\u00bb header_3_font=\u00bb|700|||||||\u00bb header_3_text_align=\u00bbcenter\u00bb header_3_text_color=\u00bb#FFFFFF\u00bb background_color=\u00bb#4679d2&#8243; transform_translate=\u00bb-56px|-25px\u00bb transform_translate_linked=\u00bboff\u00bb text_orientation=\u00bbcenter\u00bb custom_padding=\u00bb39px|25px|39px|25px|true|true\u00bb animation_style=\u00bbzoom\u00bb border_radii=\u00bbon|35px|35px|35px|35px\u00bb box_shadow_style=\u00bbpreset3&#8243; box_shadow_color=\u00bb#7c7c7c\u00bb global_colors_info=\u00bb{}\u00bb]<\/p>\n<h3>VISI\u00d3N<\/h3>\n<p style=\"text-align: justify;\"><span>Ser empresa l\u00edder en venta, reparaci\u00f3n y mantenimiento de equipo de c\u00f3mputo y accesorios, bajo una l\u00ednea de comercializaci\u00f3n m\u00faltiple que asiste a clientes todos los estados de la Rep\u00fablica Mexicana, con personal capacitado y apasionado por la tecnolog\u00eda.<\/span><\/p>\n<p>[\/et_pb_text][et_pb_image src=\u00bbhttps:\/\/decme.armesis.com\/wp-content\/uploads\/2024\/11\/noso3.jpg\u00bb title_text=\u00bbnoso3&#8243; _builder_version=\u00bb4.27.2&#8243; _module_preset=\u00bbdefault\u00bb transform_translate=\u00bb-56px|-53px\u00bb transform_translate_linked=\u00bboff\u00bb animation_style=\u00bbzoom\u00bb animation_delay=\u00bb100ms\u00bb border_radii=\u00bbon|35px|35px|35px|35px\u00bb box_shadow_style=\u00bbpreset3&#8243; box_shadow_color=\u00bb#7c7c7c\u00bb global_colors_info=\u00bb{}\u00bb][\/et_pb_image][\/et_pb_column][\/et_pb_row][\/et_pb_section][et_pb_section fb_built=\u00bb1&#8243; _builder_version=\u00bb4.27.2&#8243; _module_preset=\u00bbdefault\u00bb custom_padding=\u00bb14px||19px|||\u00bb animation_style=\u00bbfade\u00bb global_colors_info=\u00bb{}\u00bb global_module=\u00bb405&#8243; theme_builder_area=\u00bbpost_content\u00bb][et_pb_row _builder_version=\u00bb4.27.2&#8243; _module_preset=\u00bbdefault\u00bb global_colors_info=\u00bb{}\u00bb theme_builder_area=\u00bbpost_content\u00bb][et_pb_column type=\u00bb4_4&#8243; _builder_version=\u00bb4.27.2&#8243; _module_preset=\u00bbdefault\u00bb global_colors_info=\u00bb{}\u00bb theme_builder_area=\u00bbpost_content\u00bb][et_pb_divider color=\u00bb#335fca\u00bb divider_weight=\u00bb7px\u00bb _builder_version=\u00bb4.27.2&#8243; _module_preset=\u00bbdefault\u00bb module_alignment=\u00bbcenter\u00bb custom_margin=\u00bb||-14px|||\u00bb global_colors_info=\u00bb{}\u00bb theme_builder_area=\u00bbpost_content\u00bb][\/et_pb_divider][\/et_pb_column][\/et_pb_row][et_pb_row column_structure=\u00bb1_3,1_3,1_3&#8243; _builder_version=\u00bb4.27.3&#8243; _module_preset=\u00bbdefault\u00bb custom_padding=\u00bb0px||0px||false|false\u00bb global_colors_info=\u00bb{}\u00bb theme_builder_area=\u00bbpost_content\u00bb][et_pb_column type=\u00bb1_3&#8243; _builder_version=\u00bb4.27.3&#8243; _module_preset=\u00bbdefault\u00bb global_colors_info=\u00bb{}\u00bb theme_builder_area=\u00bbpost_content\u00bb][et_pb_text _builder_version=\u00bb4.27.3&#8243; _module_preset=\u00bbdefault\u00bb text_line_height=\u00bb2em\u00bb custom_margin=\u00bb|-23px||35px|false|false\u00bb global_colors_info=\u00bb{}\u00bb theme_builder_area=\u00bbpost_content\u00bb]<\/p>\n<p style=\"text-align: justify;\"><span style=\"color: #000000;\"><strong style=\"font-size: 14px;\">Tel\u00e9fono:<\/strong><span style=\"font-size: 14px;\"> 554 624 4515<\/span><\/span><\/p>\n<div class=\"col-12 mt-2\" style=\"text-align: justify;\">\n<p class=\"text p\"><span style=\"color: #000000;\"><b>Correo:\u00a0<\/b>clientes@grupodecme.com.mx<\/span><\/p>\n<\/div>\n<div class=\"col-12 mt-2\">\n<p class=\"text p\" style=\"text-align: justify;\"><span style=\"color: #000000;\"><b>Direcci\u00f3n:\u00a0<\/b><a href=\"https:\/\/goo.gl\/maps\/9jAVZPxFLg3foTuF7\" target=\"_blank\" rel=\"noopener noreferrer\" style=\"color: #000000;\">Av.11 #2223-A, Col. del Maestro,<br \/>C.P. 94550 C\u00f3rdoba, Ver.<\/a><\/span><\/p>\n<\/div>\n<p>[\/et_pb_text][et_pb_icon font_icon=\u00bb&#xf879;||fa||900&#8243; icon_color=\u00bb#0C71C3&#8243; icon_width=\u00bb20px\u00bb _builder_version=\u00bb4.27.3&#8243; _module_preset=\u00bbdefault\u00bb transform_translate=\u00bb-135px|-138px\u00bb transform_translate_linked=\u00bboff\u00bb global_colors_info=\u00bb{}\u00bb theme_builder_area=\u00bbpost_content\u00bb][\/et_pb_icon][\/et_pb_column][et_pb_column type=\u00bb1_3&#8243; _builder_version=\u00bb4.27.3&#8243; _module_preset=\u00bbdefault\u00bb global_colors_info=\u00bb{}\u00bb theme_builder_area=\u00bbpost_content\u00bb][et_pb_image src=\u00bbhttps:\/\/decme.armesis.com\/wp-content\/uploads\/2024\/10\/decmelogo.webp\u00bb title_text=\u00bbdecmelogo\u00bb align=\u00bbcenter\u00bb _builder_version=\u00bb4.27.3&#8243; _module_preset=\u00bbdefault\u00bb width=\u00bb80%\u00bb global_colors_info=\u00bb{}\u00bb theme_builder_area=\u00bbpost_content\u00bb][\/et_pb_image][et_pb_icon font_icon=\u00bb&#xe076;||divi||400&#8243; icon_color=\u00bb#0C71C3&#8243; icon_width=\u00bb20px\u00bb _builder_version=\u00bb4.27.3&#8243; _module_preset=\u00bbdefault\u00bb transform_translate=\u00bb-490px|-120px\u00bb transform_translate_linked=\u00bboff\u00bb global_colors_info=\u00bb{}\u00bb theme_builder_area=\u00bbpost_content\u00bb][\/et_pb_icon][\/et_pb_column][et_pb_column type=\u00bb1_3&#8243; _builder_version=\u00bb4.27.3&#8243; _module_preset=\u00bbdefault\u00bb global_colors_info=\u00bb{}\u00bb theme_builder_area=\u00bbpost_content\u00bb][et_pb_blurb title=\u00bbAyuda\u00bb _builder_version=\u00bb4.27.3&#8243; _module_preset=\u00bbdefault\u00bb header_font=\u00bb|600|||||||\u00bb header_text_align=\u00bbleft\u00bb header_font_size=\u00bb17px\u00bb body_text_align=\u00bbright\u00bb body_line_height=\u00bb0.8em\u00bb custom_margin=\u00bb|||-19px||\u00bb global_colors_info=\u00bb{}\u00bb theme_builder_area=\u00bbpost_content\u00bb]<\/p>\n<p style=\"text-align: left;\"><a href=\"https:\/\/decme.armesis.com\/index.php\/aviso-de-privacidad\/\"><span style=\"color: #000000;\">Aviso de Privacidad<\/span><\/a><\/p>\n<p style=\"text-align: left;\"><a href=\"https:\/\/decme.armesis.com\/index.php\/preguntas-frecuentes\/\"><span style=\"color: #000000;\">Preguntas Frecuentes<\/span><\/a><\/p>\n<p style=\"text-align: left;\"><a href=\"https:\/\/decme.armesis.com\/index.php\/terminos-y-condiciones\/\"><span style=\"color: #000000;\">T\u00e9rminos y Condiciones<\/span><\/a><\/p>\n<p style=\"text-align: left;\"><a href=\"https:\/\/decme.armesis.com\/index.php\/facturacion\/\"><span style=\"color: #000000;\">Facturaci\u00f3n<\/span><\/a><\/p>\n<p>[\/et_pb_blurb][et_pb_blurb title=\u00bbAcerca de\u00bb _builder_version=\u00bb4.27.3&#8243; _module_preset=\u00bbdefault\u00bb header_font=\u00bb|600|||||||\u00bb header_text_align=\u00bbleft\u00bb header_font_size=\u00bb17px\u00bb body_text_align=\u00bbright\u00bb body_line_height=\u00bb0.8em\u00bb transform_translate=\u00bb205px|-142px\u00bb transform_translate_linked=\u00bboff\u00bb global_colors_info=\u00bb{}\u00bb theme_builder_area=\u00bbpost_content\u00bb]<\/p>\n<p style=\"text-align: left;\"><a href=\"https:\/\/decme.armesis.com\/\"><span style=\"color: #000000;\">Inicio<\/span><\/a><\/p>\n<p style=\"text-align: left;\"><a href=\"https:\/\/decme.armesis.com\/index.php\/marcas\/\"><span style=\"color: #000000;\">Marcas<\/span><\/a><\/p>\n<p style=\"text-align: left;\"><a href=\"https:\/\/decme.armesis.com\/index.php\/nosotros\/\"><span style=\"color: #000000;\">Nosotros<\/span><\/a><\/p>\n<p style=\"text-align: left;\"><a href=\"https:\/\/decme.armesis.com\/index.php\/contacto\/\"><span style=\"color: #000000;\">Contacto<\/span><\/a><\/p>\n<p>[\/et_pb_blurb][et_pb_icon font_icon=\u00bb&#xe081;||divi||400&#8243; icon_color=\u00bb#0C71C3&#8243; icon_width=\u00bb20px\u00bb _builder_version=\u00bb4.27.3&#8243; _module_preset=\u00bbdefault\u00bb transform_translate=\u00bb-846px|-195px\u00bb transform_translate_linked=\u00bboff\u00bb custom_margin=\u00bb||-141px|||\u00bb global_colors_info=\u00bb{}\u00bb theme_builder_area=\u00bbpost_content\u00bb][\/et_pb_icon][\/et_pb_column][\/et_pb_row][\/et_pb_section]<\/p>\n","protected":false},"excerpt":{"rendered":"<p>Nuestra principal fortaleza siempre ser\u00e1 el factor humano el cual se encarga de asesorar a todos nuestros clientes en su proceso de compra para que adquieran los mejores productos a un precio justo, cubriendo as\u00ed todas sus necesidades y superando sus expectativas. Actualmente las oficinas centrales se ubican en la ciudad de C\u00f3rdoba, Ver., adem\u00e1s [&hellip;]<\/p>\n","protected":false},"author":1,"featured_media":0,"parent":0,"menu_order":0,"comment_status":"closed","ping_status":"closed","template":"","meta":{"_et_pb_use_builder":"on","_et_pb_old_content":"<!-- wp:divi\/placeholder \/-->","_et_gb_content_width":"","footnotes":""},"class_list":["post-27","page","type-page","status-publish","hentry"],"_links":{"self":[{"href":"https:\/\/decme.armesis.com\/index.php\/wp-json\/wp\/v2\/pages\/27","targetHints":{"allow":["GET"]}}],"collection":[{"href":"https:\/\/decme.armesis.com\/index.php\/wp-json\/wp\/v2\/pages"}],"about":[{"href":"https:\/\/decme.armesis.com\/index.php\/wp-json\/wp\/v2\/types\/page"}],"author":[{"embeddable":true,"href":"https:\/\/decme.armesis.com\/index.php\/wp-json\/wp\/v2\/users\/1"}],"replies":[{"embeddable":true,"href":"https:\/\/decme.armesis.com\/index.php\/wp-json\/wp\/v2\/comments?post=27"}],"version-history":[{"count":9,"href":"https:\/\/decme.armesis.com\/index.php\/wp-json\/wp\/v2\/pages\/27\/revisions"}],"predecessor-version":[{"id":412,"href":"https:\/\/decme.armesis.com\/index.php\/wp-json\/wp\/v2\/pages\/27\/revisions\/412"}],"wp:attachment":[{"href":"https:\/\/decme.armesis.com\/index.php\/wp-json\/wp\/v2\/media?parent=27"}],"curies":[{"name":"wp","href":"https:\/\/api.w.org\/{rel}","templated":true}]}}