{"id":394,"date":"2024-11-29T23:34:29","date_gmt":"2024-11-29T23:34:29","guid":{"rendered":"https:\/\/decme.armesis.com\/?page_id=394"},"modified":"2024-11-30T01:49:09","modified_gmt":"2024-11-30T01:49:09","slug":"aviso-de-privacidad","status":"publish","type":"page","link":"https:\/\/decme.armesis.com\/index.php\/aviso-de-privacidad\/","title":{"rendered":"Aviso de Privacidad"},"content":{"rendered":"<p>[et_pb_section fb_built=\u00bb1&#8243; fullwidth=\u00bbon\u00bb _builder_version=\u00bb4.27.3&#8243; _module_preset=\u00bbdefault\u00bb background_enable_image=\u00bboff\u00bb bottom_divider_style=\u00bbtriangle\u00bb bottom_divider_color=\u00bb#FFFFFF\u00bb bottom_divider_flip=\u00bbvertical\u00bb animation_style=\u00bbfade\u00bb global_colors_info=\u00bb{}\u00bb][et_pb_fullwidth_header title=\u00bbAviso de Privacidad\u00bb _builder_version=\u00bb4.27.3&#8243; _module_preset=\u00bbdefault\u00bb title_font=\u00bb|700|||||||\u00bb title_text_align=\u00bbcenter\u00bb title_font_size=\u00bb40px\u00bb title_letter_spacing=\u00bb1px\u00bb title_line_height=\u00bb1.1em\u00bb content_font=\u00bb|700|||||||\u00bb content_font_size=\u00bb16px\u00bb background_enable_color=\u00bboff\u00bb background_image=\u00bbhttps:\/\/decme.armesis.com\/wp-content\/uploads\/2024\/11\/FONDODOC.jpg\u00bb parallax=\u00bbon\u00bb custom_padding=\u00bb93px||183px||false|false\u00bb animation_style=\u00bbfade\u00bb title_text_shadow_style=\u00bbpreset1&#8243; title_text_shadow_blur_strength=\u00bb0.31em\u00bb title_text_shadow_color=\u00bb#000000&#8243; content_text_shadow_style=\u00bbpreset3&#8243; content_text_shadow_vertical_length=\u00bb0.04em\u00bb content_text_shadow_blur_strength=\u00bb0.46em\u00bb content_text_shadow_color=\u00bb#000000&#8243; global_colors_info=\u00bb{}\u00bb][\/et_pb_fullwidth_header][\/et_pb_section][et_pb_section fb_built=\u00bb1&#8243; _builder_version=\u00bb4.27.3&#8243; _module_preset=\u00bbdefault\u00bb custom_padding=\u00bb15px||0px||false|false\u00bb animation_style=\u00bbfade\u00bb animation_direction=\u00bbbottom\u00bb global_colors_info=\u00bb{}\u00bb][et_pb_row _builder_version=\u00bb4.27.3&#8243; _module_preset=\u00bbdefault\u00bb custom_padding=\u00bb||11px|||\u00bb global_colors_info=\u00bb{}\u00bb][et_pb_column type=\u00bb4_4&#8243; _builder_version=\u00bb4.27.3&#8243; _module_preset=\u00bbdefault\u00bb global_colors_info=\u00bb{}\u00bb][et_pb_text _builder_version=\u00bb4.27.3&#8243; _module_preset=\u00bbdefault\u00bb text_text_color=\u00bb#000000&#8243; custom_margin=\u00bb0px||-22px||false|false\u00bb custom_padding=\u00bb0px||0px||false|false\u00bb global_colors_info=\u00bb{}\u00bb]<\/p>\n<p style=\"text-align: justify;\">Grupo Decme S.A. de C.V. con domicilio de su oficina corporativa ubicada en Avenida 11, N\u00fam. 2223 A Col. Del Maestro C.P. 94550, C\u00f3rdoba, Ver. M\u00e9xico.<\/p>\n<p style=\"text-align: justify;\">Nuestro tel\u00e9fono es: 554 624 4515, es responsable del uso y protecci\u00f3n de sus datos personales, al interior de la empresa en relaci\u00f3n a la utilizaci\u00f3n de los mismos por el personal que aqu\u00ed labora y se encuentre vigente en sus actividades, y se exenta de la responsabilidad en los casos de jaqueo, o fraude cibern\u00e9tico donde terceros violen los derechos de uso de la Marca Grupo Decme.<\/p>\n<ul>\n<li style=\"text-align: justify;\">Manifiesta que el presente aviso de privacidad forma parte del uso del sitio web www.grupodecme.com, donde nos permitimos atender sus dudas o comentarios mediante correo electr\u00f3nico <a href=\"mailto:clientes@grupodecme.com.mx\">clientes@grupodecme.com.mx<\/a>.<\/li>\n<li style=\"text-align: justify;\">Grupo DECME tiene entre sus prioridades respetar la privacidad de sus usuarios y mantener segura la informaci\u00f3n de los datos personales que a trav\u00e9s de \u00e9sta se recolectan, con fines servicios comerciales para la venta de productos de tecnolog\u00eda inform\u00e1tica y electr\u00f3nica.<\/li>\n<li style=\"text-align: justify;\">Asimismo, Grupo DECME informar\u00e1 al usuario qu\u00e9 tipo de datos recolecta, c\u00f3mo los almacena, la finalidad del archivo, c\u00f3mo los protege, el alcance de su compromiso de confidencialidad y los derechos que \u00e9ste posee como titular de la informaci\u00f3n.<\/li>\n<\/ul>\n<dl class=\"inter\"><\/dl>\n<p>[\/et_pb_text][et_pb_text _builder_version=\u00bb4.27.3&#8243; _module_preset=\u00bbdefault\u00bb custom_margin=\u00bb0px||0px||false|false\u00bb custom_padding=\u00bb0px||11px||false|false\u00bb hover_enabled=\u00bb0&#8243; global_colors_info=\u00bb{}\u00bb text_text_color=\u00bb#000000&#8243; sticky_enabled=\u00bb0&#8243;]<\/p>\n<p style=\"text-align: justify;\"><strong>DATOS PERSONALES<\/strong><\/p>\n<p style=\"text-align: justify;\">La informaci\u00f3n recibida deber\u00e1 ser veraz y completa. El usuario responder\u00e1 en todo momento por los datos proporcionados y en ning\u00fan caso Grupo DECME ser\u00e1 responsable de la veracidad de los mismos.<\/p>\n<p style=\"text-align: justify;\">Grupo DECME registra Datos Personales, es decir, informaci\u00f3n que lo identifica o lo hace identificable. Dichos Datos Personales son: nombre o raz\u00f3n social, correo electr\u00f3nico, domicilio fiscal y\/o particular, n\u00famero de tel\u00e9fono, datos de pago (tales como forma de pago, n\u00famero de cuenta o tarjeta de cr\u00e9dito, vigencia, comprobantes de dep\u00f3sitos bancarios o transferencias), RFC, medio de comunicaci\u00f3n por el cual se enter\u00f3 de GRUPO DECME, edad, ocupaci\u00f3n y uso final de su compra. Estos datos personales Usted los proporciona voluntariamente al decidir abrir una cuenta con nosotros y\/o comprar en l\u00ednea a trav\u00e9s de nuestro sitio web y\/o v\u00eda telef\u00f3nica; para la obtenci\u00f3n de nuestros servicios tales como: compras en l\u00ednea, recepci\u00f3n de boletines electr\u00f3nicos, eventos, concursos, atenci\u00f3n y soporte t\u00e9cnico, garant\u00edas.<\/p>\n<p>[\/et_pb_text][et_pb_text _builder_version=\u00bb4.27.3&#8243; _module_preset=\u00bbdefault\u00bb custom_margin=\u00bb0px||0px||false|false\u00bb custom_padding=\u00bb0px||13px||false|false\u00bb hover_enabled=\u00bb0&#8243; global_colors_info=\u00bb{}\u00bb text_text_color=\u00bb#000000&#8243; sticky_enabled=\u00bb0&#8243;]<\/p>\n<p style=\"text-align: justify;\"><strong>QU\u00c9 SON LOS COOKIES Y C\u00d3MO SE UTILIZAN<\/strong><\/p>\n<p style=\"text-align: justify;\">Los cookies son peque\u00f1as piezas de informaci\u00f3n que son enviadas por el sitio Web a su navegador y se almacenan en el disco duro de su equipo y se utilizan para determinar sus preferencias cuando se conecta a los servicios de nuestros sitios, as\u00ed como para rastrear determinados comportamientos o actividades llevadas a cabo por usted dentro de nuestro sitio.En algunas secciones de nuestro sitio requerimos que el cliente tenga habilitados los cookies ya que algunas de las funcionalidades requieren de \u00e9stas para trabajar. Los cookies nos permiten:<\/p>\n<ul>\n<li type=\"circle\">Reconocerlo al momento de entrar a nuestros sitios y ofrecerle de una experiencia personalizada<\/li>\n<li type=\"circle\">Conocer la configuraci\u00f3n personal del sitio especificada por usted, por ejemplo, los cookies nos permiten detectar el ancho de banda que usted ha seleccionado al momento de ingresar al home page de nuestro sitio, de tal forma que sabemos qu\u00e9 tipo de informaci\u00f3n es aconsejable descargar<\/li>\n<li type=\"circle\">Calcular el tama\u00f1o de nuestra audiencia y medir algunos par\u00e1metros de tr\u00e1fico, pues cada navegador que obtiene acceso a nuestros sitios adquiere un cookie que se usa para determinar la frecuencia de uso y las secciones de los sitios visitadas, reflejando as\u00ed sus h\u00e1bitos y preferencias, informaci\u00f3n que nos es \u00fatil para mejorar el contenido, los titulares y las promociones para los usuarios.<\/li>\n<\/ul>\n<p style=\"text-align: justify;\">Los cookies tambi\u00e9n nos ayudan a rastrear algunas actividades, por ejemplo, en algunas de las encuestas que lanzamos en l\u00ednea, podemos utilizar cookies para detectar si el usuario ya ha llenado la encuesta y evitar desplegarla nuevamente, en caso de que lo haya hecho. Sin embargo, las cookies le permitir\u00e1n tomar ventaja de las caracter\u00edsticas m\u00e1s ben\u00e9ficas que le ofrecemos, por lo que le recomendamos que las deje activadas.La utilizaci\u00f3n de cookies no ser\u00e1 utilizada para identificar a los usuarios, con excepci\u00f3n de los casos en que se investiguen posibles actividades fraudulentas.<\/p>\n<p>[\/et_pb_text][et_pb_text _builder_version=\u00bb4.27.3&#8243; _module_preset=\u00bbdefault\u00bb custom_margin=\u00bb0px||0px||false|false\u00bb custom_padding=\u00bb0px||0px||false|false\u00bb hover_enabled=\u00bb0&#8243; global_colors_info=\u00bb{}\u00bb text_text_color=\u00bb#000000&#8243; sticky_enabled=\u00bb0&#8243;]<\/p>\n<p style=\"text-align: justify;\"><strong>USO DE LA INFORMACI\u00d3N<\/strong><\/p>\n<p style=\"text-align: justify;\">Los Datos Personales que proporcione a GRUPO DECME ser\u00e1n utilizados, adem\u00e1s de cumplir con las obligaciones derivadas de la relaci\u00f3n que con Usted pudiera crearse, con las siguientes finalidades:<\/p>\n<ul>\n<li type=\"circle\">Proporcionarle informaci\u00f3n sobre productos, servicios, promociones, concursos, eventos u otras actividades o propuestas de inter\u00e9s de GRUPO DECME y sus empresas subsidiarias y afiliadas.<\/li>\n<li type=\"circle\">Solicitarle informaci\u00f3n para efectos de investigaci\u00f3n de mercado.<\/li>\n<li type=\"circle\">Para dar seguimiento a alg\u00fan problema que haya surgido respecto a pedidos y\/o entregas de los productos y servicios adquiridos.<\/li>\n<li type=\"circle\">En general, para fines de comunicaci\u00f3n, mercadotecnia y prestaci\u00f3n de servicios que ofrece GRUPO DECME.<\/li>\n<\/ul>\n<p style=\"text-align: justify;\">En caso que sus datos personales pretendan ser utilizados para una finalidad distinta a las anteriores, GRUPO DECME le notificar\u00e1 en el sitio web, por correo electr\u00f3nico o tel\u00e9fono, a fin de obtener su consentimiento para el tratamiento de sus datos personales de acuerdo a las nuevas finalidades. De no recibir su consentimiento, para los casos en que sea necesario, GRUPO DECME se abstendr\u00e1 del uso de sus datos personales.<\/p>\n<p style=\"text-align: justify;\"><strong>LIMITACI\u00d3N DE USO Y DIVULGACI\u00d3N DE INFORMACI\u00d3N<\/strong><\/p>\n<p style=\"text-align: justify;\">En nuestro programa de notificaci\u00f3n de promociones, ofertas y servicios a trav\u00e9s de correo electr\u00f3nico, s\u00f3lo GRUPO DECME tiene acceso a la informaci\u00f3n recabada. Este tipo de publicidad se realiza mediante avisos y mensajes promocionales de correo electr\u00f3nico, los cuales s\u00f3lo ser\u00e1n enviados a usted y a aquellos contactos registrados para tal prop\u00f3sito, esta indicaci\u00f3n podr\u00e1 usted modificarla en cualquier momento. En los correos electr\u00f3nicos enviados, pueden incluirse ocasionalmente ofertas de terceras partes que sean nuestros socios comerciales.En el caso de empleo de cookies, el bot\u00f3n de \u00abayuda\u00bb que se encuentra en la barra de herramientas de la mayor\u00eda de los navegadores, le dir\u00e1 c\u00f3mo evitar aceptar nuevos cookies, c\u00f3mo hacer que el navegador le notifique cuando recibe un nuevo cookie o c\u00f3mo deshabilitar todos los cookies.<\/p>\n<p style=\"text-align: justify;\"><strong>DERECHOS ARCO (ACCESO, RECTIFICACI\u00d3N, CANCELACI\u00d3N Y OPOSICI\u00d3N)<\/strong><\/p>\n<p style=\"text-align: justify;\">Usted como titular de datos personales podr\u00e1, realizar la actualizaci\u00f3n de la informaci\u00f3n de su registro a trav\u00e9s del correo electr\u00f3nico clientes@grupodecme.com.mx el acceso, rectificaci\u00f3n, cancelaci\u00f3n u oposici\u00f3n respecto de sus datos personales (derechos ARCO). Asimismo, podr\u00e1, en todo momento, revocar el consentimiento que haya otorgado, y que fuere necesario, para el tratamiento de sus datos personales.Favor de considerar que el ejercicio de derechos ARCO ser\u00e1 vigente a partir de enero del a\u00f1o 2012. Para f\u00e1cil referencia, le comunicamos lo siguiente:<\/p>\n<ul>\n<li type=\"circle\"><b>Acceso.-<\/b><span>\u00a0<\/span>Que se le informe cu\u00e1les de sus datos personales est\u00e1n contenidos en las bases de datos de GRUPO DECME y para qu\u00e9 se utilizan dichos datos personales, el origen de dichos datos y las comunicaciones que se hayan realizado con los mismos.<\/li>\n<li type=\"circle\"><b>Rectificaci\u00f3n.-<\/b><span>\u00a0<\/span>Que se corrijan o actualicen sus datos personales en caso de que sean inexactos o incompletos. Usted deber\u00e1 informar a GRUPO DECME de los cambios que se deban hacer a sus datos personales, cuando dichos cambios solo sean de su conocimiento.<\/li>\n<li type=\"circle\"><b>Cancelaci\u00f3n.-<\/b><span>\u00a0<\/span>Que sus datos personales sean dados de baja total o parcialmente de las bases de datos de GRUPO DECME. Esta solicitud dar\u00e1 lugar a un per\u00edodo de bloqueo tras el cual proceder\u00e1 la eliminaci\u00f3n de los datos. Existen casos en los que la cancelaci\u00f3n no ser\u00e1 posible en t\u00e9rminos de la Ley Federal de Protecci\u00f3n de Datos Personales en Posesi\u00f3n de los Particulares y otras disposiciones legales aplicables.<\/li>\n<\/ul>\n<p style=\"text-align: justify;\"><strong>TRANSFERENCIA DE DATOS A TERCEROS<\/strong><\/p>\n<p style=\"text-align: justify;\">GRUPO DECME no compartir\u00e1, sin su consentimiento previo, sus datos personales con terceros, nacionales o extranjero, salvo:<\/p>\n<ul>\n<li type=\"circle\">Que la ley o un mandato judicial as\u00ed lo requieran<\/li>\n<li type=\"circle\">que la informaci\u00f3n deba compartirse con empleados o entidades que han sido contratados por GRUPO DECME para llevar a cabo las operaciones internas y cumplir con las finalidades descritas (por ejemplo para enviarle un bolet\u00edn promocional solicitado por usted, hacer entrega de pedidos, almacenar la informaci\u00f3n f\u00edsica o electr\u00f3nicamente)<\/li>\n<li type=\"circle\">Para proteger los derechos o bienes de GRUPO DECME o de sus clientes<\/li>\n<li type=\"circle\">Que dicha transferencia est\u00e9 prevista en la Ley Federal de Protecci\u00f3n de Datos Personales en Posesi\u00f3n de los Particulares. Hemos requerido o requeriremos que nuestros contratistas acuerden usar sus datos personales s\u00f3lo para el fin de llevar a cabo las operaciones para las cuales fueron contratados.<\/li>\n<\/ul>\n<p style=\"text-align: justify;\"><strong>CAMBIOS AL AVISO DE PRIVACIDAD<\/strong><\/p>\n<p style=\"text-align: justify;\">Nos reservamos el derecho de efectuar en cualquier momento modificaciones o actualizaciones al presente aviso de privacidad, para la atenci\u00f3n de novedades legislativas o jurisprudenciales, pol\u00edticas internas, nuevos requerimientos para la prestaci\u00f3n u ofrecimiento de nuestros servicios o productos y pr\u00e1cticas del mercado.Estas modificaciones estar\u00e1n disponibles al p\u00fablico a trav\u00e9s de nuestra p\u00e1gina de Internet www.grupodecme.com secci\u00f3n aviso de privacidad.<\/p>\n<p style=\"text-align: justify;\"><strong>ACEPTACI\u00d3N DE LOS T\u00c9RMINOS<\/strong><\/p>\n<p style=\"text-align: justify;\">Esta declaraci\u00f3n de Confidencialidad \/ Privacidad est\u00e1 sujeta a los t\u00e9rminos y condiciones del sitio web de GRUPO DECME antes descrito, lo cual constituye un acuerdo legal entre el usuario y GRUPO DECME.Si el usuario utiliza los servicios del sitio www.grupodecme.com, significa que ha le\u00eddo, entendido y acordado los t\u00e9rminos antes expuestos. Si no est\u00e1 de acuerdo con ellos, el usuario no deber\u00e1 proporcionar ninguna informaci\u00f3n personal, ni utilizar los servicios del sitio de GRUPO DECME.<\/p>\n<p>[\/et_pb_text][\/et_pb_column][\/et_pb_row][\/et_pb_section][et_pb_section fb_built=\u00bb1&#8243; _builder_version=\u00bb4.27.3&#8243; _module_preset=\u00bbdefault\u00bb custom_padding=\u00bb14px||19px|||\u00bb animation_style=\u00bbfade\u00bb global_module=\u00bb405&#8243; global_colors_info=\u00bb{}\u00bb][et_pb_row _builder_version=\u00bb4.27.2&#8243; _module_preset=\u00bbdefault\u00bb global_colors_info=\u00bb{}\u00bb][et_pb_column type=\u00bb4_4&#8243; _builder_version=\u00bb4.27.2&#8243; _module_preset=\u00bbdefault\u00bb global_colors_info=\u00bb{}\u00bb][et_pb_divider color=\u00bb#335fca\u00bb divider_weight=\u00bb7px\u00bb _builder_version=\u00bb4.27.2&#8243; _module_preset=\u00bbdefault\u00bb module_alignment=\u00bbcenter\u00bb custom_margin=\u00bb||-14px|||\u00bb global_colors_info=\u00bb{}\u00bb][\/et_pb_divider][\/et_pb_column][\/et_pb_row][et_pb_row column_structure=\u00bb1_3,1_3,1_3&#8243; _builder_version=\u00bb4.27.3&#8243; _module_preset=\u00bbdefault\u00bb custom_padding=\u00bb0px||0px||false|false\u00bb global_colors_info=\u00bb{}\u00bb][et_pb_column type=\u00bb1_3&#8243; _builder_version=\u00bb4.27.3&#8243; _module_preset=\u00bbdefault\u00bb global_colors_info=\u00bb{}\u00bb][et_pb_text _builder_version=\u00bb4.27.3&#8243; _module_preset=\u00bbdefault\u00bb text_line_height=\u00bb2em\u00bb custom_margin=\u00bb|-23px||35px|false|false\u00bb global_colors_info=\u00bb{}\u00bb]<\/p>\n<p style=\"text-align: justify;\"><span style=\"color: #000000;\"><strong style=\"font-size: 14px;\">Tel\u00e9fono:<\/strong><span style=\"font-size: 14px;\"> 554 624 4515<\/span><\/span><\/p>\n<div class=\"col-12 mt-2\" style=\"text-align: justify;\">\n<p class=\"text p\"><span style=\"color: #000000;\"><b>Correo:\u00a0<\/b>clientes@grupodecme.com.mx<\/span><\/p>\n<\/div>\n<div class=\"col-12 mt-2\">\n<p class=\"text p\" style=\"text-align: justify;\"><span style=\"color: #000000;\"><b>Direcci\u00f3n:\u00a0<\/b><a href=\"https:\/\/goo.gl\/maps\/9jAVZPxFLg3foTuF7\" target=\"_blank\" rel=\"noopener noreferrer\" style=\"color: #000000;\">Av.11 #2223-A, Col. del Maestro,<br \/>C.P. 94550 C\u00f3rdoba, Ver.<\/a><\/span><\/p>\n<\/div>\n<p>[\/et_pb_text][et_pb_icon font_icon=\u00bb&#xf879;||fa||900&#8243; icon_color=\u00bb#0C71C3&#8243; icon_width=\u00bb20px\u00bb _builder_version=\u00bb4.27.3&#8243; _module_preset=\u00bbdefault\u00bb transform_translate=\u00bb-135px|-138px\u00bb transform_translate_linked=\u00bboff\u00bb global_colors_info=\u00bb{}\u00bb][\/et_pb_icon][\/et_pb_column][et_pb_column type=\u00bb1_3&#8243; _builder_version=\u00bb4.27.3&#8243; _module_preset=\u00bbdefault\u00bb global_colors_info=\u00bb{}\u00bb][et_pb_image src=\u00bbhttps:\/\/decme.armesis.com\/wp-content\/uploads\/2024\/10\/decmelogo.webp\u00bb title_text=\u00bbdecmelogo\u00bb align=\u00bbcenter\u00bb _builder_version=\u00bb4.27.3&#8243; _module_preset=\u00bbdefault\u00bb width=\u00bb80%\u00bb global_colors_info=\u00bb{}\u00bb][\/et_pb_image][et_pb_icon font_icon=\u00bb&#xe076;||divi||400&#8243; icon_color=\u00bb#0C71C3&#8243; icon_width=\u00bb20px\u00bb _builder_version=\u00bb4.27.3&#8243; _module_preset=\u00bbdefault\u00bb transform_translate=\u00bb-490px|-120px\u00bb transform_translate_linked=\u00bboff\u00bb global_colors_info=\u00bb{}\u00bb][\/et_pb_icon][\/et_pb_column][et_pb_column type=\u00bb1_3&#8243; _builder_version=\u00bb4.27.3&#8243; _module_preset=\u00bbdefault\u00bb global_colors_info=\u00bb{}\u00bb][et_pb_blurb title=\u00bbAyuda\u00bb _builder_version=\u00bb4.27.3&#8243; _module_preset=\u00bbdefault\u00bb header_font=\u00bb|600|||||||\u00bb header_text_align=\u00bbleft\u00bb header_font_size=\u00bb17px\u00bb body_text_align=\u00bbright\u00bb body_line_height=\u00bb0.8em\u00bb custom_margin=\u00bb|||-19px||\u00bb global_colors_info=\u00bb{}\u00bb]<\/p>\n<p style=\"text-align: left;\"><a href=\"https:\/\/decme.armesis.com\/index.php\/aviso-de-privacidad\/\"><span style=\"color: #000000;\">Aviso de Privacidad<\/span><\/a><\/p>\n<p style=\"text-align: left;\"><a href=\"https:\/\/decme.armesis.com\/index.php\/preguntas-frecuentes\/\"><span style=\"color: #000000;\">Preguntas Frecuentes<\/span><\/a><\/p>\n<p style=\"text-align: left;\"><a href=\"https:\/\/decme.armesis.com\/index.php\/terminos-y-condiciones\/\"><span style=\"color: #000000;\">T\u00e9rminos y Condiciones<\/span><\/a><\/p>\n<p style=\"text-align: left;\"><a href=\"https:\/\/decme.armesis.com\/index.php\/facturacion\/\"><span style=\"color: #000000;\">Facturaci\u00f3n<\/span><\/a><\/p>\n<p>[\/et_pb_blurb][et_pb_blurb title=\u00bbAcerca de\u00bb _builder_version=\u00bb4.27.3&#8243; _module_preset=\u00bbdefault\u00bb header_font=\u00bb|600|||||||\u00bb header_text_align=\u00bbleft\u00bb header_font_size=\u00bb17px\u00bb body_text_align=\u00bbright\u00bb body_line_height=\u00bb0.8em\u00bb transform_translate=\u00bb205px|-142px\u00bb transform_translate_linked=\u00bboff\u00bb global_colors_info=\u00bb{}\u00bb]<\/p>\n<p style=\"text-align: left;\"><a href=\"https:\/\/decme.armesis.com\/\"><span style=\"color: #000000;\">Inicio<\/span><\/a><\/p>\n<p style=\"text-align: left;\"><a href=\"https:\/\/decme.armesis.com\/index.php\/marcas\/\"><span style=\"color: #000000;\">Marcas<\/span><\/a><\/p>\n<p style=\"text-align: left;\"><a href=\"https:\/\/decme.armesis.com\/index.php\/nosotros\/\"><span style=\"color: #000000;\">Nosotros<\/span><\/a><\/p>\n<p style=\"text-align: left;\"><a href=\"https:\/\/decme.armesis.com\/index.php\/contacto\/\"><span style=\"color: #000000;\">Contacto<\/span><\/a><\/p>\n<p>[\/et_pb_blurb][et_pb_icon font_icon=\u00bb&#xe081;||divi||400&#8243; icon_color=\u00bb#0C71C3&#8243; icon_width=\u00bb20px\u00bb _builder_version=\u00bb4.27.3&#8243; _module_preset=\u00bbdefault\u00bb transform_translate=\u00bb-846px|-195px\u00bb transform_translate_linked=\u00bboff\u00bb custom_margin=\u00bb||-141px|||\u00bb global_colors_info=\u00bb{}\u00bb][\/et_pb_icon][\/et_pb_column][\/et_pb_row][\/et_pb_section]<\/p>\n","protected":false},"excerpt":{"rendered":"<p>Grupo Decme S.A. de C.V. con domicilio de su oficina corporativa ubicada en Avenida 11, N\u00fam. 2223 A Col. Del Maestro C.P. 94550, C\u00f3rdoba, Ver. M\u00e9xico. Nuestro tel\u00e9fono es: 554 624 4515, es responsable del uso y protecci\u00f3n de sus datos personales, al interior de la empresa en relaci\u00f3n a la utilizaci\u00f3n de los mismos [&hellip;]<\/p>\n","protected":false},"author":1,"featured_media":0,"parent":0,"menu_order":0,"comment_status":"closed","ping_status":"closed","template":"","meta":{"_et_pb_use_builder":"on","_et_pb_old_content":"","_et_gb_content_width":"","footnotes":""},"class_list":["post-394","page","type-page","status-publish","hentry"],"_links":{"self":[{"href":"https:\/\/decme.armesis.com\/index.php\/wp-json\/wp\/v2\/pages\/394","targetHints":{"allow":["GET"]}}],"collection":[{"href":"https:\/\/decme.armesis.com\/index.php\/wp-json\/wp\/v2\/pages"}],"about":[{"href":"https:\/\/decme.armesis.com\/index.php\/wp-json\/wp\/v2\/types\/page"}],"author":[{"embeddable":true,"href":"https:\/\/decme.armesis.com\/index.php\/wp-json\/wp\/v2\/users\/1"}],"replies":[{"embeddable":true,"href":"https:\/\/decme.armesis.com\/index.php\/wp-json\/wp\/v2\/comments?post=394"}],"version-history":[{"count":6,"href":"https:\/\/decme.armesis.com\/index.php\/wp-json\/wp\/v2\/pages\/394\/revisions"}],"predecessor-version":[{"id":455,"href":"https:\/\/decme.armesis.com\/index.php\/wp-json\/wp\/v2\/pages\/394\/revisions\/455"}],"wp:attachment":[{"href":"https:\/\/decme.armesis.com\/index.php\/wp-json\/wp\/v2\/media?parent=394"}],"curies":[{"name":"wp","href":"https:\/\/api.w.org\/{rel}","templated":true}]}}