{"id":396,"date":"2024-11-29T23:34:48","date_gmt":"2024-11-29T23:34:48","guid":{"rendered":"https:\/\/decme.armesis.com\/?page_id=396"},"modified":"2024-11-30T02:21:16","modified_gmt":"2024-11-30T02:21:16","slug":"preguntas-frecuentes","status":"publish","type":"page","link":"https:\/\/decme.armesis.com\/index.php\/preguntas-frecuentes\/","title":{"rendered":"Preguntas Frecuentes"},"content":{"rendered":"<p>[et_pb_section fb_built=\u00bb1&#8243; fullwidth=\u00bbon\u00bb _builder_version=\u00bb4.27.3&#8243; _module_preset=\u00bbdefault\u00bb background_enable_image=\u00bboff\u00bb bottom_divider_style=\u00bbtriangle\u00bb bottom_divider_color=\u00bb#FFFFFF\u00bb bottom_divider_flip=\u00bbvertical\u00bb animation_style=\u00bbfade\u00bb global_colors_info=\u00bb{}\u00bb theme_builder_area=\u00bbpost_content\u00bb][et_pb_fullwidth_header title=\u00bbPreguntas Frecuentes\u00a0\u00bb _builder_version=\u00bb4.27.3&#8243; _module_preset=\u00bbdefault\u00bb title_font=\u00bb|700|||||||\u00bb title_text_align=\u00bbcenter\u00bb title_font_size=\u00bb40px\u00bb title_letter_spacing=\u00bb1px\u00bb title_line_height=\u00bb1.1em\u00bb content_font=\u00bb|700|||||||\u00bb content_font_size=\u00bb16px\u00bb background_enable_color=\u00bboff\u00bb background_image=\u00bbhttps:\/\/decme.armesis.com\/wp-content\/uploads\/2024\/11\/FONDODOC.jpg\u00bb parallax=\u00bbon\u00bb custom_padding=\u00bb93px||183px||false|false\u00bb animation_style=\u00bbfade\u00bb title_text_shadow_style=\u00bbpreset1&#8243; title_text_shadow_blur_strength=\u00bb0.31em\u00bb title_text_shadow_color=\u00bb#000000&#8243; content_text_shadow_style=\u00bbpreset3&#8243; content_text_shadow_vertical_length=\u00bb0.04em\u00bb content_text_shadow_blur_strength=\u00bb0.46em\u00bb content_text_shadow_color=\u00bb#000000&#8243; global_colors_info=\u00bb{}\u00bb theme_builder_area=\u00bbpost_content\u00bb][\/et_pb_fullwidth_header][\/et_pb_section][et_pb_section fb_built=\u00bb1&#8243; _builder_version=\u00bb4.27.3&#8243; _module_preset=\u00bbdefault\u00bb custom_padding=\u00bb15px||0px||false|false\u00bb animation_style=\u00bbfade\u00bb animation_direction=\u00bbbottom\u00bb global_colors_info=\u00bb{}\u00bb theme_builder_area=\u00bbpost_content\u00bb][et_pb_row _builder_version=\u00bb4.27.3&#8243; _module_preset=\u00bbdefault\u00bb custom_padding=\u00bb||11px|||\u00bb global_colors_info=\u00bb{}\u00bb theme_builder_area=\u00bbpost_content\u00bb][et_pb_column type=\u00bb4_4&#8243; _builder_version=\u00bb4.27.3&#8243; _module_preset=\u00bbdefault\u00bb global_colors_info=\u00bb{}\u00bb theme_builder_area=\u00bbpost_content\u00bb][et_pb_accordion _builder_version=\u00bb4.27.3&#8243; _module_preset=\u00bbdefault\u00bb theme_builder_area=\u00bbpost_content\u00bb hover_enabled=\u00bb0&#8243; sticky_enabled=\u00bb0&#8243; background_enable_color=\u00bboff\u00bb icon_color=\u00bb#0C71C3&#8243; open_toggle_background_color=\u00bb#FFFFFF\u00bb closed_toggle_background_color=\u00bb#0C71C3&#8243; open_toggle_text_color=\u00bb#0C71C3&#8243; toggle_text_color=\u00bb#0C71C3&#8243; toggle_text_color__hover_enabled=\u00bbon|desktop\u00bb closed_toggle_text_color=\u00bb#FFFFFF\u00bb animation_style=\u00bbfold\u00bb animation_direction=\u00bbtop\u00bb box_shadow_style=\u00bbpreset3&#8243; toggle_text_color__hover=\u00bb#0C71C3&#8243;][et_pb_accordion_item title=\u00bb\u00bfC\u00f3mo puedo comprar en l\u00ednea?\u00bb _builder_version=\u00bb4.27.3&#8243; _module_preset=\u00bbdefault\u00bb open=\u00bboff\u00bb theme_builder_area=\u00bbpost_content\u00bb hover_enabled=\u00bb0&#8243; sticky_enabled=\u00bb0&#8243; open_toggle_text_color=\u00bb#0C71C3&#8243; body_text_color=\u00bb#000000&#8243; closed_toggle_text_color=\u00bb#FFFFFF\u00bb]<\/p>\n<p style=\"text-align: justify;\">Te mostramos una breve gu\u00eda de como podr\u00e1s hacer una compra con nosotros:<\/p>\n<p style=\"text-align: justify;\">1.- Selecciona los art\u00edculos que vas a comprar con nosotros.<\/p>\n<p style=\"text-align: justify;\">2.- Agrega tus productos al carrito de compras dando clic en \u00abAgregar al carrito\u00bb.<\/p>\n<p style=\"text-align: justify;\">3.- En la ventana Carrito, coloca la informaci\u00f3n adicional a tu compra o alguna instrucci\u00f3n especial que tengas para nosotros y poder contemplarlo dentro de tu pedido o comunicarnos contigo.<\/p>\n<p style=\"text-align: justify;\">4.- Ingresa tus datos de env\u00edo, aqu\u00ed indicar\u00e1s la direcci\u00f3n de entrega de tus productos.<\/p>\n<p style=\"text-align: justify;\">5.- Elige tu m\u00e9todo de pago.<\/p>\n<p style=\"text-align: justify;\">6.- Verifica tus datos, si tienes un cup\u00f3n de descuento puedes ingresarlo o de lo contrario dar clic en \u201cFinalizar Pedido\u201d.<\/p>\n<p style=\"text-align: justify;\">7.- En tu correo recibir\u00e1s un mensaje con la confirmaci\u00f3n de tu compra, por medio de este correo obtendr\u00e1s tu n\u00famero de orden para dar seguimiento.<\/p>\n<p style=\"text-align: justify;\">8.- Posterior a eso procesaremos tu compra y recibir\u00e1s un correo indicando tu numero de gu\u00eda en cuanto este listo el pedido. (La gu\u00eda puede tardar hasta 48 horas en dar rastreo)<\/p>\n<p>[\/et_pb_accordion_item][et_pb_accordion_item title=\u00bb\u00bfCu\u00e1l es el costo de mi env\u00edo?\u00bb _builder_version=\u00bb4.27.3&#8243; _module_preset=\u00bbdefault\u00bb open=\u00bbon\u00bb theme_builder_area=\u00bbpost_content\u00bb hover_enabled=\u00bb0&#8243; sticky_enabled=\u00bb0&#8243; open_toggle_text_color=\u00bb#0C71C3&#8243; body_text_color=\u00bb#000000&#8243; closed_toggle_text_color=\u00bb#FFFFFF\u00bb]<\/p>\n<p>El costo de env\u00edo se determina por el peso aproximado del producto:<\/p>\n<ul>\n<li>En productos que pesan entre 0 a 5 kilos el precio es de $109.00<\/li>\n<li>En productos que pesan entre 6 a 12 kilos el precio es de $159.00<\/li>\n<li>En productos que pesan entre 13 a 15 kilos el precio es de $169.00<\/li>\n<li>En productos que pesan entre 16 a 25 kilos el precio es de $199.00<\/li>\n<li>En productos que pesan entre 25 a 30 kilos el precio es de $329.00<\/li>\n<li>En productos que pesan entre 21 a 100 kilos el precio es de $499.00<\/li>\n<\/ul>\n<p>[\/et_pb_accordion_item][et_pb_accordion_item title=\u00bb\u00bfCu\u00e1l es el tiempo de entrega estimada de mi pedido?\u00bb _builder_version=\u00bb4.27.3&#8243; _module_preset=\u00bbdefault\u00bb open=\u00bboff\u00bb theme_builder_area=\u00bbpost_content\u00bb hover_enabled=\u00bb0&#8243; sticky_enabled=\u00bb0&#8243; open_toggle_text_color=\u00bb#0C71C3&#8243; body_text_color=\u00bb#000000&#8243; closed_toggle_text_color=\u00bb#FFFFFF\u00bb]<\/p>\n<p style=\"text-align: justify;\">En temporada baja el tiempo de entrega en la mayor\u00eda de los portales es de 3 a 5 d\u00edas h\u00e1biles despu\u00e9s de ser acreditado su pago.<\/p>\n<p style=\"text-align: justify;\">En temporada alta como lo es Navidad, Reyes, Back to School o en promociones como Hot Sale o Buen fin y dem\u00e1s temporadas de mucha demanda nuestro tiempo de entrega se puede extender hasta 5 o 8 d\u00edas h\u00e1biles una vez acreditada su compra.<\/p>\n<p>[\/et_pb_accordion_item][et_pb_accordion_item title=\u00bb\u00bfRealizan entregas a toda la rep\u00fablica mexicana?\u00bb _builder_version=\u00bb4.27.3&#8243; _module_preset=\u00bbdefault\u00bb open=\u00bboff\u00bb theme_builder_area=\u00bbpost_content\u00bb hover_enabled=\u00bb0&#8243; sticky_enabled=\u00bb0&#8243; open_toggle_text_color=\u00bb#0C71C3&#8243; body_text_color=\u00bb#000000&#8243; closed_toggle_text_color=\u00bb#FFFFFF\u00bb]<\/p>\n<p style=\"text-align: justify;\">Si, realizamos entregas a toda la republica Mexicana pero estamos limitados a la cobertura de las paqueter\u00edas que manejamos.<\/p>\n<p style=\"text-align: justify;\">En caso de que no se tenga cobertura en su domicilio, la gu\u00eda se expedir\u00e1 a la direcci\u00f3n ocurre m\u00e1s cercana.<\/p>\n<p>[\/et_pb_accordion_item][et_pb_accordion_item title=\u00bb\u00bfCu\u00e1nto tiempo demora un reembolso?\u00bb _builder_version=\u00bb4.27.3&#8243; _module_preset=\u00bbdefault\u00bb open=\u00bboff\u00bb theme_builder_area=\u00bbpost_content\u00bb hover_enabled=\u00bb0&#8243; sticky_enabled=\u00bb0&#8243; open_toggle_text_color=\u00bb#0C71C3&#8243; body_text_color=\u00bb#000000&#8243; closed_toggle_text_color=\u00bb#FFFFFF\u00bb]<\/p>\n<p style=\"text-align: justify;\">Para recibir tu reembolso de alguna compra realizada por la pagina web depender\u00e1 del m\u00e9todo de pago elegido por el cliente al realizar su compra.<\/p>\n<p style=\"text-align: justify;\">S\u00ed el pago elegido fue tarjeta bancaria, el proceso de devoluci\u00f3n podr\u00e1 tardar entre 7 a 10 d\u00edas h\u00e1biles en verse reflejado en tu cuenta debido al proceso interno que genera el banco.<\/p>\n<p style=\"text-align: justify;\">S\u00ed el pago elegido fue por transferencia, deposito o pago en efectivo podr\u00e1s recibir tu reembolso dentro de las primeras 48 horas h\u00e1biles una vez concluido el proceso de devoluci\u00f3n del producto o cancelaci\u00f3n de la compra.<\/p>\n<p>[\/et_pb_accordion_item][\/et_pb_accordion][\/et_pb_column][\/et_pb_row][\/et_pb_section][et_pb_section fb_built=\u00bb1&#8243; _builder_version=\u00bb4.27.3&#8243; _module_preset=\u00bbdefault\u00bb custom_padding=\u00bb14px||19px|||\u00bb animation_style=\u00bbfade\u00bb global_module=\u00bb405&#8243; global_colors_info=\u00bb{}\u00bb theme_builder_area=\u00bbpost_content\u00bb][et_pb_row _builder_version=\u00bb4.27.2&#8243; _module_preset=\u00bbdefault\u00bb global_colors_info=\u00bb{}\u00bb theme_builder_area=\u00bbpost_content\u00bb][et_pb_column type=\u00bb4_4&#8243; _builder_version=\u00bb4.27.2&#8243; _module_preset=\u00bbdefault\u00bb global_colors_info=\u00bb{}\u00bb theme_builder_area=\u00bbpost_content\u00bb][et_pb_divider color=\u00bb#335fca\u00bb divider_weight=\u00bb7px\u00bb _builder_version=\u00bb4.27.2&#8243; _module_preset=\u00bbdefault\u00bb module_alignment=\u00bbcenter\u00bb custom_margin=\u00bb||-14px|||\u00bb global_colors_info=\u00bb{}\u00bb theme_builder_area=\u00bbpost_content\u00bb][\/et_pb_divider][\/et_pb_column][\/et_pb_row][et_pb_row column_structure=\u00bb1_3,1_3,1_3&#8243; _builder_version=\u00bb4.27.3&#8243; _module_preset=\u00bbdefault\u00bb custom_padding=\u00bb0px||0px||false|false\u00bb global_colors_info=\u00bb{}\u00bb theme_builder_area=\u00bbpost_content\u00bb][et_pb_column type=\u00bb1_3&#8243; _builder_version=\u00bb4.27.3&#8243; _module_preset=\u00bbdefault\u00bb global_colors_info=\u00bb{}\u00bb theme_builder_area=\u00bbpost_content\u00bb][et_pb_text _builder_version=\u00bb4.27.3&#8243; _module_preset=\u00bbdefault\u00bb text_line_height=\u00bb2em\u00bb custom_margin=\u00bb|-23px||35px|false|false\u00bb global_colors_info=\u00bb{}\u00bb theme_builder_area=\u00bbpost_content\u00bb]<\/p>\n<p style=\"text-align: justify;\"><span style=\"color: #000000;\"><strong style=\"font-size: 14px;\">Tel\u00e9fono:<\/strong><span style=\"font-size: 14px;\"> 554 624 4515<\/span><\/span><\/p>\n<div class=\"col-12 mt-2\" style=\"text-align: justify;\">\n<p class=\"text p\"><span style=\"color: #000000;\"><b>Correo:\u00a0<\/b>clientes@grupodecme.com.mx<\/span><\/p>\n<\/div>\n<div class=\"col-12 mt-2\">\n<p class=\"text p\" style=\"text-align: justify;\"><span style=\"color: #000000;\"><b>Direcci\u00f3n:\u00a0<\/b><a href=\"https:\/\/goo.gl\/maps\/9jAVZPxFLg3foTuF7\" target=\"_blank\" rel=\"noopener noreferrer\" style=\"color: #000000;\">Av.11 #2223-A, Col. del Maestro,<br \/>C.P. 94550 C\u00f3rdoba, Ver.<\/a><\/span><\/p>\n<\/div>\n<p>[\/et_pb_text][et_pb_icon font_icon=\u00bb&#xf879;||fa||900&#8243; icon_color=\u00bb#0C71C3&#8243; icon_width=\u00bb20px\u00bb _builder_version=\u00bb4.27.3&#8243; _module_preset=\u00bbdefault\u00bb transform_translate=\u00bb-135px|-138px\u00bb transform_translate_linked=\u00bboff\u00bb global_colors_info=\u00bb{}\u00bb theme_builder_area=\u00bbpost_content\u00bb][\/et_pb_icon][\/et_pb_column][et_pb_column type=\u00bb1_3&#8243; _builder_version=\u00bb4.27.3&#8243; _module_preset=\u00bbdefault\u00bb global_colors_info=\u00bb{}\u00bb theme_builder_area=\u00bbpost_content\u00bb][et_pb_image src=\u00bbhttps:\/\/decme.armesis.com\/wp-content\/uploads\/2024\/10\/decmelogo.webp\u00bb title_text=\u00bbdecmelogo\u00bb align=\u00bbcenter\u00bb _builder_version=\u00bb4.27.3&#8243; _module_preset=\u00bbdefault\u00bb width=\u00bb80%\u00bb global_colors_info=\u00bb{}\u00bb theme_builder_area=\u00bbpost_content\u00bb][\/et_pb_image][et_pb_icon font_icon=\u00bb&#xe076;||divi||400&#8243; icon_color=\u00bb#0C71C3&#8243; icon_width=\u00bb20px\u00bb _builder_version=\u00bb4.27.3&#8243; _module_preset=\u00bbdefault\u00bb transform_translate=\u00bb-490px|-120px\u00bb transform_translate_linked=\u00bboff\u00bb global_colors_info=\u00bb{}\u00bb theme_builder_area=\u00bbpost_content\u00bb][\/et_pb_icon][\/et_pb_column][et_pb_column type=\u00bb1_3&#8243; _builder_version=\u00bb4.27.3&#8243; _module_preset=\u00bbdefault\u00bb global_colors_info=\u00bb{}\u00bb theme_builder_area=\u00bbpost_content\u00bb][et_pb_blurb title=\u00bbAyuda\u00bb _builder_version=\u00bb4.27.3&#8243; _module_preset=\u00bbdefault\u00bb header_font=\u00bb|600|||||||\u00bb header_text_align=\u00bbleft\u00bb header_font_size=\u00bb17px\u00bb body_text_align=\u00bbright\u00bb body_line_height=\u00bb0.8em\u00bb custom_margin=\u00bb|||-19px||\u00bb global_colors_info=\u00bb{}\u00bb theme_builder_area=\u00bbpost_content\u00bb]<\/p>\n<p style=\"text-align: left;\"><a href=\"https:\/\/decme.armesis.com\/index.php\/aviso-de-privacidad\/\"><span style=\"color: #000000;\">Aviso de Privacidad<\/span><\/a><\/p>\n<p style=\"text-align: left;\"><a href=\"https:\/\/decme.armesis.com\/index.php\/preguntas-frecuentes\/\"><span style=\"color: #000000;\">Preguntas Frecuentes<\/span><\/a><\/p>\n<p style=\"text-align: left;\"><a href=\"https:\/\/decme.armesis.com\/index.php\/terminos-y-condiciones\/\"><span style=\"color: #000000;\">T\u00e9rminos y Condiciones<\/span><\/a><\/p>\n<p style=\"text-align: left;\"><a href=\"https:\/\/decme.armesis.com\/index.php\/facturacion\/\"><span style=\"color: #000000;\">Facturaci\u00f3n<\/span><\/a><\/p>\n<p>[\/et_pb_blurb][et_pb_blurb title=\u00bbAcerca de\u00bb _builder_version=\u00bb4.27.3&#8243; _module_preset=\u00bbdefault\u00bb header_font=\u00bb|600|||||||\u00bb header_text_align=\u00bbleft\u00bb header_font_size=\u00bb17px\u00bb body_text_align=\u00bbright\u00bb body_line_height=\u00bb0.8em\u00bb transform_translate=\u00bb205px|-142px\u00bb transform_translate_linked=\u00bboff\u00bb global_colors_info=\u00bb{}\u00bb theme_builder_area=\u00bbpost_content\u00bb]<\/p>\n<p style=\"text-align: left;\"><a href=\"https:\/\/decme.armesis.com\/\"><span style=\"color: #000000;\">Inicio<\/span><\/a><\/p>\n<p style=\"text-align: left;\"><a href=\"https:\/\/decme.armesis.com\/index.php\/marcas\/\"><span style=\"color: #000000;\">Marcas<\/span><\/a><\/p>\n<p style=\"text-align: left;\"><a href=\"https:\/\/decme.armesis.com\/index.php\/nosotros\/\"><span style=\"color: #000000;\">Nosotros<\/span><\/a><\/p>\n<p style=\"text-align: left;\"><a href=\"https:\/\/decme.armesis.com\/index.php\/contacto\/\"><span style=\"color: #000000;\">Contacto<\/span><\/a><\/p>\n<p>[\/et_pb_blurb][et_pb_icon font_icon=\u00bb&#xe081;||divi||400&#8243; icon_color=\u00bb#0C71C3&#8243; icon_width=\u00bb20px\u00bb _builder_version=\u00bb4.27.3&#8243; _module_preset=\u00bbdefault\u00bb transform_translate=\u00bb-846px|-195px\u00bb transform_translate_linked=\u00bboff\u00bb custom_margin=\u00bb||-141px|||\u00bb global_colors_info=\u00bb{}\u00bb theme_builder_area=\u00bbpost_content\u00bb][\/et_pb_icon][\/et_pb_column][\/et_pb_row][\/et_pb_section]<\/p>\n","protected":false},"excerpt":{"rendered":"<p>Te mostramos una breve gu\u00eda de como podr\u00e1s hacer una compra con nosotros: 1.- Selecciona los art\u00edculos que vas a comprar con nosotros. 2.- Agrega tus productos al carrito de compras dando clic en \u00abAgregar al carrito\u00bb. 3.- En la ventana Carrito, coloca la informaci\u00f3n adicional a tu compra o alguna instrucci\u00f3n especial que tengas [&hellip;]<\/p>\n","protected":false},"author":1,"featured_media":0,"parent":0,"menu_order":0,"comment_status":"closed","ping_status":"closed","template":"","meta":{"_et_pb_use_builder":"on","_et_pb_old_content":"","_et_gb_content_width":"","footnotes":""},"class_list":["post-396","page","type-page","status-publish","hentry"],"_links":{"self":[{"href":"https:\/\/decme.armesis.com\/index.php\/wp-json\/wp\/v2\/pages\/396","targetHints":{"allow":["GET"]}}],"collection":[{"href":"https:\/\/decme.armesis.com\/index.php\/wp-json\/wp\/v2\/pages"}],"about":[{"href":"https:\/\/decme.armesis.com\/index.php\/wp-json\/wp\/v2\/types\/page"}],"author":[{"embeddable":true,"href":"https:\/\/decme.armesis.com\/index.php\/wp-json\/wp\/v2\/users\/1"}],"replies":[{"embeddable":true,"href":"https:\/\/decme.armesis.com\/index.php\/wp-json\/wp\/v2\/comments?post=396"}],"version-history":[{"count":5,"href":"https:\/\/decme.armesis.com\/index.php\/wp-json\/wp\/v2\/pages\/396\/revisions"}],"predecessor-version":[{"id":459,"href":"https:\/\/decme.armesis.com\/index.php\/wp-json\/wp\/v2\/pages\/396\/revisions\/459"}],"wp:attachment":[{"href":"https:\/\/decme.armesis.com\/index.php\/wp-json\/wp\/v2\/media?parent=396"}],"curies":[{"name":"wp","href":"https:\/\/api.w.org\/{rel}","templated":true}]}}