{"id":400,"date":"2024-11-29T23:35:45","date_gmt":"2024-11-29T23:35:45","guid":{"rendered":"https:\/\/decme.armesis.com\/?page_id=400"},"modified":"2024-11-30T01:47:54","modified_gmt":"2024-11-30T01:47:54","slug":"facturacion","status":"publish","type":"page","link":"https:\/\/decme.armesis.com\/index.php\/facturacion\/","title":{"rendered":"Facturaci\u00f3n"},"content":{"rendered":"<p>[et_pb_section fb_built=\u00bb1&#8243; fullwidth=\u00bbon\u00bb _builder_version=\u00bb4.27.3&#8243; _module_preset=\u00bbdefault\u00bb background_enable_image=\u00bboff\u00bb bottom_divider_style=\u00bbtriangle\u00bb bottom_divider_color=\u00bb#FFFFFF\u00bb bottom_divider_flip=\u00bbvertical\u00bb animation_style=\u00bbfade\u00bb global_colors_info=\u00bb{}\u00bb][et_pb_fullwidth_header title=\u00bbFacturaci\u00f3n\u00bb _builder_version=\u00bb4.27.3&#8243; _module_preset=\u00bbdefault\u00bb title_font=\u00bb|700|||||||\u00bb title_text_align=\u00bbcenter\u00bb title_font_size=\u00bb40px\u00bb title_letter_spacing=\u00bb1px\u00bb title_line_height=\u00bb1.1em\u00bb content_font=\u00bb|700|||||||\u00bb content_font_size=\u00bb16px\u00bb background_enable_color=\u00bboff\u00bb background_image=\u00bbhttps:\/\/decme.armesis.com\/wp-content\/uploads\/2024\/11\/FONDODOC.jpg\u00bb parallax=\u00bbon\u00bb custom_padding=\u00bb93px||183px||false|false\u00bb animation_style=\u00bbfade\u00bb title_text_shadow_style=\u00bbpreset1&#8243; title_text_shadow_blur_strength=\u00bb0.31em\u00bb title_text_shadow_color=\u00bb#000000&#8243; content_text_shadow_style=\u00bbpreset3&#8243; content_text_shadow_vertical_length=\u00bb0.04em\u00bb content_text_shadow_blur_strength=\u00bb0.46em\u00bb content_text_shadow_color=\u00bb#000000&#8243; global_colors_info=\u00bb{}\u00bb][\/et_pb_fullwidth_header][\/et_pb_section][et_pb_section fb_built=\u00bb1&#8243; _builder_version=\u00bb4.27.3&#8243; _module_preset=\u00bbdefault\u00bb custom_padding=\u00bb15px||0px||false|false\u00bb animation_style=\u00bbfade\u00bb animation_direction=\u00bbbottom\u00bb global_colors_info=\u00bb{}\u00bb][et_pb_row _builder_version=\u00bb4.27.3&#8243; _module_preset=\u00bbdefault\u00bb custom_padding=\u00bb||11px|||\u00bb global_colors_info=\u00bb{}\u00bb][et_pb_column type=\u00bb4_4&#8243; _builder_version=\u00bb4.27.3&#8243; _module_preset=\u00bbdefault\u00bb global_colors_info=\u00bb{}\u00bb][et_pb_text _builder_version=\u00bb4.27.3&#8243; _module_preset=\u00bbdefault\u00bb custom_margin=\u00bb0px||0px||false|false\u00bb custom_padding=\u00bb0px||0px||false|false\u00bb hover_enabled=\u00bb0&#8243; global_colors_info=\u00bb{}\u00bb text_text_color=\u00bb#000000&#8243; sticky_enabled=\u00bb0&#8243;]<\/p>\n<p style=\"text-align: justify;\"><strong>Solicitud de Factura<\/strong><\/p>\n<ul style=\"text-align: justify;\">\n<li>Si requieres factura fiscal, deber\u00e1s solicitarla al momento de realizar tu compra o, como m\u00e1ximo, dentro del mismo mes en que se haya efectuado la transacci\u00f3n.<\/li>\n<li>Para emitir la factura, es indispensable proporcionar tus datos fiscales completos, incluyendo:\n<ul>\n<li>Nombre o raz\u00f3n social<\/li>\n<li>Registro Federal de Contribuyentes (RFC)<\/li>\n<li>Domicilio fiscal<\/li>\n<li>Correo electr\u00f3nico para el env\u00edo de la factura<\/li>\n<\/ul>\n<\/li>\n<\/ul>\n<p style=\"text-align: justify;\"><strong>Proceso de Emisi\u00f3n<\/strong><\/p>\n<ul style=\"text-align: justify;\">\n<li>La factura ser\u00e1 enviada al correo electr\u00f3nico registrado una vez que el pago haya sido confirmado.<\/li>\n<li>No se emitir\u00e1n facturas retroactivas fuera del mes en curso seg\u00fan lo estipulado por las regulaciones fiscales locales.<\/li>\n<\/ul>\n<p style=\"text-align: justify;\"><strong>Correcciones de Facturas<\/strong><\/p>\n<ul style=\"text-align: justify;\">\n<li>Si detectas un error en la factura, puedes solicitar una correcci\u00f3n enviando un correo a <span style=\"color: #000000;\"><a href=\"mailto:clientes@grupodecme.com.mx\">clientes@grupodecme.com.mx<\/a> <\/span>con los datos correctos y una copia del comprobante de compra.<\/li>\n<li>Las correcciones solo ser\u00e1n aceptadas dentro del mismo mes de la transacci\u00f3n.<\/li>\n<\/ul>\n<p style=\"text-align: justify;\"><strong>M\u00e9todos de Pago para Facturaci\u00f3n<\/strong><\/p>\n<ul style=\"text-align: justify;\">\n<li>La emisi\u00f3n de facturas aplica \u00fanicamente para compras realizadas mediante m\u00e9todos de pago que permitan rastrear la transacci\u00f3n, como tarjetas bancarias, transferencias electr\u00f3nicas o dep\u00f3sitos identificados.<\/li>\n<\/ul>\n<p style=\"text-align: justify;\"><strong>Facturaci\u00f3n para Compras Internacionales<\/strong><\/p>\n<ul style=\"text-align: justify;\">\n<li>Actualmente, <strong>GRUPO DECME<\/strong> solo emite facturas fiscales dentro de M\u00e9xico. Si tu compra fue realizada desde el extranjero, verifica la disponibilidad de facturaci\u00f3n aplicable en tu regi\u00f3n.<\/li>\n<\/ul>\n<p style=\"text-align: justify;\"><strong>Dudas y Asistencia<\/strong><\/p>\n<p style=\"text-align: justify;\">Si tienes preguntas relacionadas con el proceso de facturaci\u00f3n, cont\u00e1ctanos a trav\u00e9s de:<\/p>\n<ul>\n<li style=\"text-align: justify;\"><strong>Correo electr\u00f3nico:<\/strong> <span style=\"color: #000000;\"><a href=\"mailto:clientes@grupodecme.com.mx\">clientes@grupodecme.com.mx<\/a><\/span><\/li>\n<li style=\"text-align: justify;\"><strong style=\"font-size: 14px;\">Tel\u00e9fono:<\/strong><span style=\"font-size: 14px;\"> 554 624 4515<\/span><\/li>\n<\/ul>\n<p>[\/et_pb_text][\/et_pb_column][\/et_pb_row][\/et_pb_section][et_pb_section fb_built=\u00bb1&#8243; _builder_version=\u00bb4.27.3&#8243; _module_preset=\u00bbdefault\u00bb custom_padding=\u00bb14px||19px|||\u00bb animation_style=\u00bbfade\u00bb global_module=\u00bb405&#8243; global_colors_info=\u00bb{}\u00bb][et_pb_row _builder_version=\u00bb4.27.2&#8243; _module_preset=\u00bbdefault\u00bb global_colors_info=\u00bb{}\u00bb][et_pb_column type=\u00bb4_4&#8243; _builder_version=\u00bb4.27.2&#8243; _module_preset=\u00bbdefault\u00bb global_colors_info=\u00bb{}\u00bb][et_pb_divider color=\u00bb#335fca\u00bb divider_weight=\u00bb7px\u00bb _builder_version=\u00bb4.27.2&#8243; _module_preset=\u00bbdefault\u00bb module_alignment=\u00bbcenter\u00bb custom_margin=\u00bb||-14px|||\u00bb global_colors_info=\u00bb{}\u00bb][\/et_pb_divider][\/et_pb_column][\/et_pb_row][et_pb_row column_structure=\u00bb1_3,1_3,1_3&#8243; _builder_version=\u00bb4.27.3&#8243; _module_preset=\u00bbdefault\u00bb custom_padding=\u00bb0px||0px||false|false\u00bb global_colors_info=\u00bb{}\u00bb][et_pb_column type=\u00bb1_3&#8243; _builder_version=\u00bb4.27.3&#8243; _module_preset=\u00bbdefault\u00bb global_colors_info=\u00bb{}\u00bb][et_pb_text _builder_version=\u00bb4.27.3&#8243; _module_preset=\u00bbdefault\u00bb text_line_height=\u00bb2em\u00bb custom_margin=\u00bb|-23px||35px|false|false\u00bb global_colors_info=\u00bb{}\u00bb]<\/p>\n<p style=\"text-align: justify;\"><span style=\"color: #000000;\"><strong style=\"font-size: 14px;\">Tel\u00e9fono:<\/strong><span style=\"font-size: 14px;\"> 554 624 4515<\/span><\/span><\/p>\n<div class=\"col-12 mt-2\" style=\"text-align: justify;\">\n<p class=\"text p\"><span style=\"color: #000000;\"><b>Correo:\u00a0<\/b>clientes@grupodecme.com.mx<\/span><\/p>\n<\/div>\n<div class=\"col-12 mt-2\">\n<p class=\"text p\" style=\"text-align: justify;\"><span style=\"color: #000000;\"><b>Direcci\u00f3n:\u00a0<\/b><a href=\"https:\/\/goo.gl\/maps\/9jAVZPxFLg3foTuF7\" target=\"_blank\" rel=\"noopener noreferrer\" style=\"color: #000000;\">Av.11 #2223-A, Col. del Maestro,<br \/>C.P. 94550 C\u00f3rdoba, Ver.<\/a><\/span><\/p>\n<\/div>\n<p>[\/et_pb_text][et_pb_icon font_icon=\u00bb&#xf879;||fa||900&#8243; icon_color=\u00bb#0C71C3&#8243; icon_width=\u00bb20px\u00bb _builder_version=\u00bb4.27.3&#8243; _module_preset=\u00bbdefault\u00bb transform_translate=\u00bb-135px|-138px\u00bb transform_translate_linked=\u00bboff\u00bb global_colors_info=\u00bb{}\u00bb][\/et_pb_icon][\/et_pb_column][et_pb_column type=\u00bb1_3&#8243; _builder_version=\u00bb4.27.3&#8243; _module_preset=\u00bbdefault\u00bb global_colors_info=\u00bb{}\u00bb][et_pb_image src=\u00bbhttps:\/\/decme.armesis.com\/wp-content\/uploads\/2024\/10\/decmelogo.webp\u00bb title_text=\u00bbdecmelogo\u00bb align=\u00bbcenter\u00bb _builder_version=\u00bb4.27.3&#8243; _module_preset=\u00bbdefault\u00bb width=\u00bb80%\u00bb global_colors_info=\u00bb{}\u00bb][\/et_pb_image][et_pb_icon font_icon=\u00bb&#xe076;||divi||400&#8243; icon_color=\u00bb#0C71C3&#8243; icon_width=\u00bb20px\u00bb _builder_version=\u00bb4.27.3&#8243; _module_preset=\u00bbdefault\u00bb transform_translate=\u00bb-490px|-120px\u00bb transform_translate_linked=\u00bboff\u00bb global_colors_info=\u00bb{}\u00bb][\/et_pb_icon][\/et_pb_column][et_pb_column type=\u00bb1_3&#8243; _builder_version=\u00bb4.27.3&#8243; _module_preset=\u00bbdefault\u00bb global_colors_info=\u00bb{}\u00bb][et_pb_blurb title=\u00bbAyuda\u00bb _builder_version=\u00bb4.27.3&#8243; _module_preset=\u00bbdefault\u00bb header_font=\u00bb|600|||||||\u00bb header_text_align=\u00bbleft\u00bb header_font_size=\u00bb17px\u00bb body_text_align=\u00bbright\u00bb body_line_height=\u00bb0.8em\u00bb custom_margin=\u00bb|||-19px||\u00bb global_colors_info=\u00bb{}\u00bb]<\/p>\n<p style=\"text-align: left;\"><a href=\"https:\/\/decme.armesis.com\/index.php\/aviso-de-privacidad\/\"><span style=\"color: #000000;\">Aviso de Privacidad<\/span><\/a><\/p>\n<p style=\"text-align: left;\"><a href=\"https:\/\/decme.armesis.com\/index.php\/preguntas-frecuentes\/\"><span style=\"color: #000000;\">Preguntas Frecuentes<\/span><\/a><\/p>\n<p style=\"text-align: left;\"><a href=\"https:\/\/decme.armesis.com\/index.php\/terminos-y-condiciones\/\"><span style=\"color: #000000;\">T\u00e9rminos y Condiciones<\/span><\/a><\/p>\n<p style=\"text-align: left;\"><a href=\"https:\/\/decme.armesis.com\/index.php\/facturacion\/\"><span style=\"color: #000000;\">Facturaci\u00f3n<\/span><\/a><\/p>\n<p>[\/et_pb_blurb][et_pb_blurb title=\u00bbAcerca de\u00bb _builder_version=\u00bb4.27.3&#8243; _module_preset=\u00bbdefault\u00bb header_font=\u00bb|600|||||||\u00bb header_text_align=\u00bbleft\u00bb header_font_size=\u00bb17px\u00bb body_text_align=\u00bbright\u00bb body_line_height=\u00bb0.8em\u00bb transform_translate=\u00bb205px|-142px\u00bb transform_translate_linked=\u00bboff\u00bb global_colors_info=\u00bb{}\u00bb]<\/p>\n<p style=\"text-align: left;\"><a href=\"https:\/\/decme.armesis.com\/\"><span style=\"color: #000000;\">Inicio<\/span><\/a><\/p>\n<p style=\"text-align: left;\"><a href=\"https:\/\/decme.armesis.com\/index.php\/marcas\/\"><span style=\"color: #000000;\">Marcas<\/span><\/a><\/p>\n<p style=\"text-align: left;\"><a href=\"https:\/\/decme.armesis.com\/index.php\/nosotros\/\"><span style=\"color: #000000;\">Nosotros<\/span><\/a><\/p>\n<p style=\"text-align: left;\"><a href=\"https:\/\/decme.armesis.com\/index.php\/contacto\/\"><span style=\"color: #000000;\">Contacto<\/span><\/a><\/p>\n<p>[\/et_pb_blurb][et_pb_icon font_icon=\u00bb&#xe081;||divi||400&#8243; icon_color=\u00bb#0C71C3&#8243; icon_width=\u00bb20px\u00bb _builder_version=\u00bb4.27.3&#8243; _module_preset=\u00bbdefault\u00bb transform_translate=\u00bb-846px|-195px\u00bb transform_translate_linked=\u00bboff\u00bb custom_margin=\u00bb||-141px|||\u00bb global_colors_info=\u00bb{}\u00bb][\/et_pb_icon][\/et_pb_column][\/et_pb_row][\/et_pb_section]<\/p>\n","protected":false},"excerpt":{"rendered":"<p>Solicitud de Factura Si requieres factura fiscal, deber\u00e1s solicitarla al momento de realizar tu compra o, como m\u00e1ximo, dentro del mismo mes en que se haya efectuado la transacci\u00f3n. Para emitir la factura, es indispensable proporcionar tus datos fiscales completos, incluyendo: Nombre o raz\u00f3n social Registro Federal de Contribuyentes (RFC) Domicilio fiscal Correo electr\u00f3nico para [&hellip;]<\/p>\n","protected":false},"author":1,"featured_media":0,"parent":0,"menu_order":0,"comment_status":"closed","ping_status":"closed","template":"","meta":{"_et_pb_use_builder":"on","_et_pb_old_content":"<!-- wp:divi\/placeholder \/-->","_et_gb_content_width":"","footnotes":""},"class_list":["post-400","page","type-page","status-publish","hentry"],"_links":{"self":[{"href":"https:\/\/decme.armesis.com\/index.php\/wp-json\/wp\/v2\/pages\/400","targetHints":{"allow":["GET"]}}],"collection":[{"href":"https:\/\/decme.armesis.com\/index.php\/wp-json\/wp\/v2\/pages"}],"about":[{"href":"https:\/\/decme.armesis.com\/index.php\/wp-json\/wp\/v2\/types\/page"}],"author":[{"embeddable":true,"href":"https:\/\/decme.armesis.com\/index.php\/wp-json\/wp\/v2\/users\/1"}],"replies":[{"embeddable":true,"href":"https:\/\/decme.armesis.com\/index.php\/wp-json\/wp\/v2\/comments?post=400"}],"version-history":[{"count":4,"href":"https:\/\/decme.armesis.com\/index.php\/wp-json\/wp\/v2\/pages\/400\/revisions"}],"predecessor-version":[{"id":454,"href":"https:\/\/decme.armesis.com\/index.php\/wp-json\/wp\/v2\/pages\/400\/revisions\/454"}],"wp:attachment":[{"href":"https:\/\/decme.armesis.com\/index.php\/wp-json\/wp\/v2\/media?parent=400"}],"curies":[{"name":"wp","href":"https:\/\/api.w.org\/{rel}","templated":true}]}}