{"id":71,"date":"2024-11-08T21:02:05","date_gmt":"2024-11-08T21:02:05","guid":{"rendered":"https:\/\/decme.armesis.com\/?page_id=71"},"modified":"2024-11-29T23:42:30","modified_gmt":"2024-11-29T23:42:30","slug":"electronicos","status":"publish","type":"page","link":"https:\/\/decme.armesis.com\/index.php\/electronicos\/","title":{"rendered":"Entretenimiento"},"content":{"rendered":"<p>[et_pb_section fb_built=\u00bb1&#8243; fullwidth=\u00bbon\u00bb _builder_version=\u00bb4.27.2&#8243; _module_preset=\u00bbdefault\u00bb background_enable_image=\u00bboff\u00bb bottom_divider_style=\u00bbwave2&#8243; bottom_divider_color=\u00bb#FFFFFF\u00bb global_colors_info=\u00bb{}\u00bb][et_pb_fullwidth_header title=\u00bbEntretenimiento\u00bb _builder_version=\u00bb4.27.2&#8243; _module_preset=\u00bbdefault\u00bb title_font=\u00bb|800|||||||\u00bb title_text_align=\u00bbleft\u00bb title_font_size=\u00bb45px\u00bb title_letter_spacing=\u00bb1px\u00bb title_line_height=\u00bb1.1em\u00bb content_font=\u00bb|700|||||||\u00bb content_font_size=\u00bb16px\u00bb background_enable_color=\u00bboff\u00bb background_image=\u00bbhttps:\/\/decme.armesis.com\/wp-content\/uploads\/2024\/11\/catentre.jpg\u00bb parallax=\u00bbon\u00bb custom_padding=\u00bb150px||268px||false|false\u00bb animation_style=\u00bbfade\u00bb title_text_shadow_style=\u00bbpreset1&#8243; title_text_shadow_blur_strength=\u00bb0.31em\u00bb title_text_shadow_color=\u00bb#000000&#8243; content_text_shadow_style=\u00bbpreset3&#8243; content_text_shadow_vertical_length=\u00bb0.04em\u00bb content_text_shadow_blur_strength=\u00bb0.46em\u00bb content_text_shadow_color=\u00bb#000000&#8243; global_colors_info=\u00bb{}\u00bb]<\/p>\n<p>Encuentra aqu\u00ed todo lo necesario para tu hogar<\/p>\n<p>[\/et_pb_fullwidth_header][\/et_pb_section][et_pb_section fb_built=\u00bb1&#8243; _builder_version=\u00bb4.27.2&#8243; _module_preset=\u00bbdefault\u00bb custom_padding=\u00bb15px||0px||false|false\u00bb animation_style=\u00bbfold\u00bb global_colors_info=\u00bb{}\u00bb][et_pb_row _builder_version=\u00bb4.27.2&#8243; _module_preset=\u00bbdefault\u00bb custom_padding=\u00bb||0px||false|false\u00bb global_colors_info=\u00bb{}\u00bb][et_pb_column type=\u00bb4_4&#8243; _builder_version=\u00bb4.27.2&#8243; _module_preset=\u00bbdefault\u00bb global_colors_info=\u00bb{}\u00bb][et_pb_shop type=\u00bbproduct_category\u00bb posts_number=\u00bb20&#8243; include_categories=\u00bb24&#8243; show_rating=\u00bboff\u00bb show_sale_badge=\u00bboff\u00bb _builder_version=\u00bb4.27.2&#8243; _module_preset=\u00bbdefault\u00bb title_font=\u00bb|600|||||||\u00bb title_text_color=\u00bb#0244c4&#8243; price_text_color=\u00bb#000000&#8243; price_line_height=\u00bb35px\u00bb text_orientation=\u00bbcenter\u00bb border_radii_image=\u00bbon|15px|15px|15px|15px\u00bb global_colors_info=\u00bb{}\u00bb][\/et_pb_shop][\/et_pb_column][\/et_pb_row][\/et_pb_section][et_pb_section fb_built=\u00bb1&#8243; _builder_version=\u00bb4.27.2&#8243; _module_preset=\u00bbdefault\u00bb custom_padding=\u00bb14px||19px|||\u00bb animation_style=\u00bbfade\u00bb global_colors_info=\u00bb{}\u00bb global_module=\u00bb405&#8243; theme_builder_area=\u00bbpost_content\u00bb][et_pb_row _builder_version=\u00bb4.27.2&#8243; _module_preset=\u00bbdefault\u00bb global_colors_info=\u00bb{}\u00bb theme_builder_area=\u00bbpost_content\u00bb][et_pb_column type=\u00bb4_4&#8243; _builder_version=\u00bb4.27.2&#8243; _module_preset=\u00bbdefault\u00bb global_colors_info=\u00bb{}\u00bb theme_builder_area=\u00bbpost_content\u00bb][et_pb_divider color=\u00bb#335fca\u00bb divider_weight=\u00bb7px\u00bb _builder_version=\u00bb4.27.2&#8243; _module_preset=\u00bbdefault\u00bb module_alignment=\u00bbcenter\u00bb custom_margin=\u00bb||-14px|||\u00bb global_colors_info=\u00bb{}\u00bb theme_builder_area=\u00bbpost_content\u00bb][\/et_pb_divider][\/et_pb_column][\/et_pb_row][et_pb_row column_structure=\u00bb1_3,1_3,1_3&#8243; _builder_version=\u00bb4.27.3&#8243; _module_preset=\u00bbdefault\u00bb custom_padding=\u00bb0px||0px||false|false\u00bb global_colors_info=\u00bb{}\u00bb theme_builder_area=\u00bbpost_content\u00bb][et_pb_column type=\u00bb1_3&#8243; _builder_version=\u00bb4.27.3&#8243; _module_preset=\u00bbdefault\u00bb global_colors_info=\u00bb{}\u00bb theme_builder_area=\u00bbpost_content\u00bb][et_pb_text _builder_version=\u00bb4.27.3&#8243; _module_preset=\u00bbdefault\u00bb text_line_height=\u00bb2em\u00bb custom_margin=\u00bb|-23px||35px|false|false\u00bb global_colors_info=\u00bb{}\u00bb theme_builder_area=\u00bbpost_content\u00bb]<\/p>\n<p style=\"text-align: justify;\"><span style=\"color: #000000;\"><strong style=\"font-size: 14px;\">Tel\u00e9fono:<\/strong><span style=\"font-size: 14px;\"> 554 624 4515<\/span><\/span><\/p>\n<div class=\"col-12 mt-2\" style=\"text-align: justify;\">\n<p class=\"text p\"><span style=\"color: #000000;\"><b>Correo:\u00a0<\/b>clientes@grupodecme.com.mx<\/span><\/p>\n<\/div>\n<div class=\"col-12 mt-2\">\n<p class=\"text p\" style=\"text-align: justify;\"><span style=\"color: #000000;\"><b>Direcci\u00f3n:\u00a0<\/b><a href=\"https:\/\/goo.gl\/maps\/9jAVZPxFLg3foTuF7\" target=\"_blank\" rel=\"noopener noreferrer\" style=\"color: #000000;\">Av.11 #2223-A, Col. del Maestro,<br \/>C.P. 94550 C\u00f3rdoba, Ver.<\/a><\/span><\/p>\n<\/div>\n<p>[\/et_pb_text][et_pb_icon font_icon=\u00bb&#xf879;||fa||900&#8243; icon_color=\u00bb#0C71C3&#8243; icon_width=\u00bb20px\u00bb _builder_version=\u00bb4.27.3&#8243; _module_preset=\u00bbdefault\u00bb transform_translate=\u00bb-135px|-138px\u00bb transform_translate_linked=\u00bboff\u00bb global_colors_info=\u00bb{}\u00bb theme_builder_area=\u00bbpost_content\u00bb][\/et_pb_icon][\/et_pb_column][et_pb_column type=\u00bb1_3&#8243; _builder_version=\u00bb4.27.3&#8243; _module_preset=\u00bbdefault\u00bb global_colors_info=\u00bb{}\u00bb theme_builder_area=\u00bbpost_content\u00bb][et_pb_image src=\u00bbhttps:\/\/decme.armesis.com\/wp-content\/uploads\/2024\/10\/decmelogo.webp\u00bb title_text=\u00bbdecmelogo\u00bb align=\u00bbcenter\u00bb _builder_version=\u00bb4.27.3&#8243; _module_preset=\u00bbdefault\u00bb width=\u00bb80%\u00bb global_colors_info=\u00bb{}\u00bb theme_builder_area=\u00bbpost_content\u00bb][\/et_pb_image][et_pb_icon font_icon=\u00bb&#xe076;||divi||400&#8243; icon_color=\u00bb#0C71C3&#8243; icon_width=\u00bb20px\u00bb _builder_version=\u00bb4.27.3&#8243; _module_preset=\u00bbdefault\u00bb transform_translate=\u00bb-490px|-120px\u00bb transform_translate_linked=\u00bboff\u00bb global_colors_info=\u00bb{}\u00bb theme_builder_area=\u00bbpost_content\u00bb][\/et_pb_icon][\/et_pb_column][et_pb_column type=\u00bb1_3&#8243; _builder_version=\u00bb4.27.3&#8243; _module_preset=\u00bbdefault\u00bb global_colors_info=\u00bb{}\u00bb theme_builder_area=\u00bbpost_content\u00bb][et_pb_blurb title=\u00bbAyuda\u00bb _builder_version=\u00bb4.27.3&#8243; _module_preset=\u00bbdefault\u00bb header_font=\u00bb|600|||||||\u00bb header_text_align=\u00bbleft\u00bb header_font_size=\u00bb17px\u00bb body_text_align=\u00bbright\u00bb body_line_height=\u00bb0.8em\u00bb custom_margin=\u00bb|||-19px||\u00bb global_colors_info=\u00bb{}\u00bb theme_builder_area=\u00bbpost_content\u00bb]<\/p>\n<p style=\"text-align: left;\"><a href=\"https:\/\/decme.armesis.com\/index.php\/aviso-de-privacidad\/\"><span style=\"color: #000000;\">Aviso de Privacidad<\/span><\/a><\/p>\n<p style=\"text-align: left;\"><a href=\"https:\/\/decme.armesis.com\/index.php\/preguntas-frecuentes\/\"><span style=\"color: #000000;\">Preguntas Frecuentes<\/span><\/a><\/p>\n<p style=\"text-align: left;\"><a href=\"https:\/\/decme.armesis.com\/index.php\/terminos-y-condiciones\/\"><span style=\"color: #000000;\">T\u00e9rminos y Condiciones<\/span><\/a><\/p>\n<p style=\"text-align: left;\"><a href=\"https:\/\/decme.armesis.com\/index.php\/facturacion\/\"><span style=\"color: #000000;\">Facturaci\u00f3n<\/span><\/a><\/p>\n<p>[\/et_pb_blurb][et_pb_blurb title=\u00bbAcerca de\u00bb _builder_version=\u00bb4.27.3&#8243; _module_preset=\u00bbdefault\u00bb header_font=\u00bb|600|||||||\u00bb header_text_align=\u00bbleft\u00bb header_font_size=\u00bb17px\u00bb body_text_align=\u00bbright\u00bb body_line_height=\u00bb0.8em\u00bb transform_translate=\u00bb205px|-142px\u00bb transform_translate_linked=\u00bboff\u00bb global_colors_info=\u00bb{}\u00bb theme_builder_area=\u00bbpost_content\u00bb]<\/p>\n<p style=\"text-align: left;\"><a href=\"https:\/\/decme.armesis.com\/\"><span style=\"color: #000000;\">Inicio<\/span><\/a><\/p>\n<p style=\"text-align: left;\"><a href=\"https:\/\/decme.armesis.com\/index.php\/marcas\/\"><span style=\"color: #000000;\">Marcas<\/span><\/a><\/p>\n<p style=\"text-align: left;\"><a href=\"https:\/\/decme.armesis.com\/index.php\/nosotros\/\"><span style=\"color: #000000;\">Nosotros<\/span><\/a><\/p>\n<p style=\"text-align: left;\"><a href=\"https:\/\/decme.armesis.com\/index.php\/contacto\/\"><span style=\"color: #000000;\">Contacto<\/span><\/a><\/p>\n<p>[\/et_pb_blurb][et_pb_icon font_icon=\u00bb&#xe081;||divi||400&#8243; icon_color=\u00bb#0C71C3&#8243; icon_width=\u00bb20px\u00bb _builder_version=\u00bb4.27.3&#8243; _module_preset=\u00bbdefault\u00bb transform_translate=\u00bb-846px|-195px\u00bb transform_translate_linked=\u00bboff\u00bb custom_margin=\u00bb||-141px|||\u00bb global_colors_info=\u00bb{}\u00bb theme_builder_area=\u00bbpost_content\u00bb][\/et_pb_icon][\/et_pb_column][\/et_pb_row][\/et_pb_section]<\/p>\n","protected":false},"excerpt":{"rendered":"<p>Encuentra aqu\u00ed todo lo necesario para tu hogarTel\u00e9fono: 554 624 4515 Correo:\u00a0clientes@grupodecme.com.mx Direcci\u00f3n:\u00a0Av.11 #2223-A, Col. del Maestro,C.P. 94550 C\u00f3rdoba, Ver. Aviso de Privacidad Preguntas Frecuentes T\u00e9rminos y Condiciones Facturaci\u00f3nInicio Marcas Nosotros Contacto<\/p>\n","protected":false},"author":1,"featured_media":0,"parent":0,"menu_order":0,"comment_status":"closed","ping_status":"closed","template":"","meta":{"_et_pb_use_builder":"on","_et_pb_old_content":"<!-- wp:divi\/placeholder \/-->","_et_gb_content_width":"","footnotes":""},"class_list":["post-71","page","type-page","status-publish","hentry"],"_links":{"self":[{"href":"https:\/\/decme.armesis.com\/index.php\/wp-json\/wp\/v2\/pages\/71","targetHints":{"allow":["GET"]}}],"collection":[{"href":"https:\/\/decme.armesis.com\/index.php\/wp-json\/wp\/v2\/pages"}],"about":[{"href":"https:\/\/decme.armesis.com\/index.php\/wp-json\/wp\/v2\/types\/page"}],"author":[{"embeddable":true,"href":"https:\/\/decme.armesis.com\/index.php\/wp-json\/wp\/v2\/users\/1"}],"replies":[{"embeddable":true,"href":"https:\/\/decme.armesis.com\/index.php\/wp-json\/wp\/v2\/comments?post=71"}],"version-history":[{"count":6,"href":"https:\/\/decme.armesis.com\/index.php\/wp-json\/wp\/v2\/pages\/71\/revisions"}],"predecessor-version":[{"id":410,"href":"https:\/\/decme.armesis.com\/index.php\/wp-json\/wp\/v2\/pages\/71\/revisions\/410"}],"wp:attachment":[{"href":"https:\/\/decme.armesis.com\/index.php\/wp-json\/wp\/v2\/media?parent=71"}],"curies":[{"name":"wp","href":"https:\/\/api.w.org\/{rel}","templated":true}]}}