{"id":150,"date":"2024-11-15T01:51:12","date_gmt":"2024-11-15T01:51:12","guid":{"rendered":"https:\/\/decme.armesis.com\/?post_type=product&#038;p=150"},"modified":"2024-11-23T17:49:14","modified_gmt":"2024-11-23T17:49:14","slug":"xtreme-pc-gaming-msi-amd-radeon-rx-6600-ryzen-7-5700x-16gb-ssd-500gb-2tb-argb-wifi","status":"publish","type":"product","link":"https:\/\/decme.armesis.com\/index.php\/producto\/xtreme-pc-gaming-msi-amd-radeon-rx-6600-ryzen-7-5700x-16gb-ssd-500gb-2tb-argb-wifi\/","title":{"rendered":"Xtreme PC Gaming MSI AMD Radeon RX 6600 Ryzen 7 5700X 16GB SSD 500GB 2TB ARGB WIFI"},"content":{"rendered":"<p>[et_pb_section fb_built=\u00bb1&#8243; _builder_version=\u00bb4.16&#8243; custom_padding=\u00bb0px||10px||false|false\u00bb global_colors_info=\u00bb{}\u00bb][et_pb_row _builder_version=\u00bb4.16&#8243; background_size=\u00bbinitial\u00bb background_position=\u00bbtop_left\u00bb background_repeat=\u00bbrepeat\u00bb width=\u00bb100%\u00bb custom_padding=\u00bb0px||0px||false|false\u00bb global_colors_info=\u00bb{}\u00bb][et_pb_column type=\u00bb4_4&#8243; _builder_version=\u00bb4.16&#8243; custom_padding=\u00bb|||\u00bb global_colors_info=\u00bb{}\u00bb custom_padding__hover=\u00bb|||\u00bb][et_pb_wc_cart_notice _builder_version=\u00bb4.27.2&#8243; title_font=\u00bb|600|||||||\u00bb title_font_size=\u00bb14px\u00bb error_font=\u00bb|600|||||||\u00bb error_font_size=\u00bb14px\u00bb background_color=\u00bb#335fca\u00bb custom_button=\u00bbon\u00bb button_text_size=\u00bb15px\u00bb button_text_color=\u00bb#335fca\u00bb button_bg_color=\u00bb#FFFFFF\u00bb button_border_width=\u00bb0px\u00bb button_border_radius=\u00bb10px\u00bb button_font=\u00bb|600|||||||\u00bb button_icon=\u00bb&#xe015;||divi||400&#8243; button_icon_placement=\u00bbleft\u00bb border_radii=\u00bbon|15px|15px|15px|15px\u00bb global_colors_info=\u00bb{}\u00bb][\/et_pb_wc_cart_notice][\/et_pb_column][\/et_pb_row][et_pb_row column_structure=\u00bb1_2,1_2&#8243; _builder_version=\u00bb4.16&#8243; background_size=\u00bbinitial\u00bb background_position=\u00bbtop_left\u00bb background_repeat=\u00bbrepeat\u00bb width=\u00bb100%\u00bb custom_padding=\u00bb0px||9px||false|false\u00bb global_colors_info=\u00bb{}\u00bb][et_pb_column type=\u00bb1_2&#8243; _builder_version=\u00bb4.16&#8243; custom_padding=\u00bb|||\u00bb global_colors_info=\u00bb{}\u00bb custom_padding__hover=\u00bb|||\u00bb][et_pb_wc_images _builder_version=\u00bb4.16&#8243; global_colors_info=\u00bb{}\u00bb][\/et_pb_wc_images][\/et_pb_column][et_pb_column type=\u00bb1_2&#8243; _builder_version=\u00bb4.16&#8243; custom_padding=\u00bb|||\u00bb global_colors_info=\u00bb{}\u00bb custom_padding__hover=\u00bb|||\u00bb][et_pb_wc_title _builder_version=\u00bb4.27.2&#8243; header_font=\u00bb|600|||||||\u00bb header_text_align=\u00bbleft\u00bb header_font_size=\u00bb27px\u00bb global_colors_info=\u00bb{}\u00bb][\/et_pb_wc_title][et_pb_wc_rating _builder_version=\u00bb4.27.2&#8243; rating_text_color=\u00bb#335fca\u00bb rating_letter_spacing=\u00bb2px\u00bb global_colors_info=\u00bb{}\u00bb][\/et_pb_wc_rating][et_pb_wc_price _builder_version=\u00bb4.27.2&#8243; body_text_color=\u00bb#4679d2&#8243; body_font_size=\u00bb25px\u00bb global_colors_info=\u00bb{}\u00bb][\/et_pb_wc_price][et_pb_wc_description _builder_version=\u00bb4.27.2&#8243; global_colors_info=\u00bb{}\u00bb][\/et_pb_wc_description][et_pb_wc_add_to_cart _builder_version=\u00bb4.27.3&#8243; fields_text_color=\u00bb#000000&#8243; fields_font=\u00bb|600|||||||\u00bb fields_text_align=\u00bbcenter\u00bb fields_font_size=\u00bb13px\u00bb custom_button=\u00bbon\u00bb button_text_color=\u00bb#FFFFFF\u00bb button_bg_color=\u00bb#0C71C3&#8243; button_border_width=\u00bb0px\u00bb button_border_radius=\u00bb10px\u00bb button_icon=\u00bb&#x50;||divi||400&#8243; hover_enabled=\u00bb0&#8243; border_radii_fields=\u00bbon|10px|10px|10px|10px\u00bb global_colors_info=\u00bb{}\u00bb button_bg_enable_color=\u00bbon\u00bb sticky_enabled=\u00bb0&#8243;][\/et_pb_wc_add_to_cart][et_pb_wc_meta _builder_version=\u00bb4.27.2&#8243; global_colors_info=\u00bb{}\u00bb][\/et_pb_wc_meta][\/et_pb_column][\/et_pb_row][et_pb_row _builder_version=\u00bb4.16&#8243; background_size=\u00bbinitial\u00bb background_position=\u00bbtop_left\u00bb background_repeat=\u00bbrepeat\u00bb width=\u00bb100%\u00bb custom_padding=\u00bb||10px|||\u00bb global_colors_info=\u00bb{}\u00bb][et_pb_column type=\u00bb4_4&#8243; _builder_version=\u00bb4.16&#8243; custom_padding=\u00bb|||\u00bb global_colors_info=\u00bb{}\u00bb custom_padding__hover=\u00bb|||\u00bb][et_pb_wc_tabs include_tabs=\u00bbdescription|\u00bb _builder_version=\u00bb4.27.2&#8243; body_text_align=\u00bbjustify\u00bb global_colors_info=\u00bb{}\u00bb]\t\t\t\t\t[\/et_pb_wc_tabs][et_pb_wc_upsells _builder_version=\u00bb4.16&#8243; global_colors_info=\u00bb{}\u00bb][\/et_pb_wc_upsells][et_pb_wc_related_products include_categories=\u00bball\u00bb _builder_version=\u00bb4.27.2&#8243; title_font=\u00bb|600|||||||\u00bb product_title_font=\u00bb|600|||||||\u00bb product_title_text_align=\u00bbcenter\u00bb product_title_text_color=\u00bb#0244c4&#8243; product_title_font_size=\u00bb16px\u00bb product_title_line_height=\u00bb1em\u00bb price_font=\u00bb||||||||\u00bb price_text_align=\u00bbcenter\u00bb price_text_color=\u00bb#000000&#8243; global_colors_info=\u00bb{}\u00bb][\/et_pb_wc_related_products][\/et_pb_column][\/et_pb_row][\/et_pb_section]<\/p>\n","protected":false},"excerpt":{"rendered":"<p>La mejor opci\u00f3n para juegos de alto rendimiento, capaz de ejecutar una amplia gama de juegos populares, incluyendo Fortnite, GTA V, Roblox, Overwatch, CSGO, Battlefield V, entre otros.<\/p>\n","protected":false},"featured_media":243,"comment_status":"open","ping_status":"closed","template":"","meta":{"_et_pb_use_builder":"on","_et_pb_old_content":"Esta PC es ideal para una variedad de tareas, incluyendo juegos, dise\u00f1o digital, edici\u00f3n de fotos, video y m\u00e1s.\r\n\r\nLa mejor opci\u00f3n para juegos de alto rendimiento, capaz de ejecutar una amplia gama de juegos populares, incluyendo Fortnite, GTA V, Roblox, Overwatch, CSGO, Battlefield V, entre otros.\r\n\r\nESPECIFICACIONES\r\nAMD Ryzen 7 5700X.\r\nTarjeta de video AMD Radeon RX 6600 8GB GDDR6,\r\nMemoria RAM DDR4 16GB 3200MHz.\r\nUnidad de estado s\u00f3lido SSD 500GB | Disco Duro HDD 2TB.\r\nFuente de poder 600W 80 Plus Bronze.\r\n\r\nWindows 10 Versi\u00f3n para evaluaci\u00f3n de componentes.\r\n\r\nConectividad: USB Wi-Fi de 150Mbps | Ethernet.\r\n\r\nXTREME SHIELD\r\nIncluso despu\u00e9s de que su garant\u00eda haya vencido, podr\u00e1 disfrutar de los servicios de soporte t\u00e9cnico y asesor\u00eda.\r\n\r\nGarant\u00eda directo con proveedor | 12 meses\r\nNo se har\u00e1 valida la garant\u00eda si cuenta con da\u00f1o f\u00edsico y\/o descargas el\u00e9ctricas.","_et_gb_content_width":""},"product_cat":[37,36,21],"product_tag":[],"class_list":{"0":"post-150","1":"product","2":"type-product","3":"status-publish","4":"has-post-thumbnail","6":"product_cat-gamer","7":"product_cat-pc-gaming","8":"product_cat-xtreme-pc-gaming","10":"first","11":"instock","12":"shipping-taxable","13":"purchasable","14":"product-type-simple"},"_links":{"self":[{"href":"https:\/\/decme.armesis.com\/index.php\/wp-json\/wp\/v2\/product\/150","targetHints":{"allow":["GET"]}}],"collection":[{"href":"https:\/\/decme.armesis.com\/index.php\/wp-json\/wp\/v2\/product"}],"about":[{"href":"https:\/\/decme.armesis.com\/index.php\/wp-json\/wp\/v2\/types\/product"}],"replies":[{"embeddable":true,"href":"https:\/\/decme.armesis.com\/index.php\/wp-json\/wp\/v2\/comments?post=150"}],"wp:featuredmedia":[{"embeddable":true,"href":"https:\/\/decme.armesis.com\/index.php\/wp-json\/wp\/v2\/media\/243"}],"wp:attachment":[{"href":"https:\/\/decme.armesis.com\/index.php\/wp-json\/wp\/v2\/media?parent=150"}],"wp:term":[{"taxonomy":"product_cat","embeddable":true,"href":"https:\/\/decme.armesis.com\/index.php\/wp-json\/wp\/v2\/product_cat?post=150"},{"taxonomy":"product_tag","embeddable":true,"href":"https:\/\/decme.armesis.com\/index.php\/wp-json\/wp\/v2\/product_tag?post=150"}],"curies":[{"name":"wp","href":"https:\/\/api.w.org\/{rel}","templated":true}]}}