{"id":178,"date":"2024-11-15T01:17:26","date_gmt":"2024-11-15T01:17:26","guid":{"rendered":"https:\/\/decme.armesis.com\/?post_type=product&#038;p=178"},"modified":"2024-11-30T00:17:18","modified_gmt":"2024-11-30T00:17:18","slug":"monitor-gamer-xtreme-pc-gaming-infinite-game-23-8-5ms-75hz-fhd-ips-hdmi-usb-c-altavoces-negro-freesync-g-sync","status":"publish","type":"product","link":"https:\/\/decme.armesis.com\/index.php\/producto\/monitor-gamer-xtreme-pc-gaming-infinite-game-23-8-5ms-75hz-fhd-ips-hdmi-usb-c-altavoces-negro-freesync-g-sync\/","title":{"rendered":"Monitor Gamer XTREME PC GAMING Infinite Game 23.8&#8243; 5ms 75Hz FHD IPS HDMI USB-C Altavoces Negro FreeSync G-Sync"},"content":{"rendered":"<p>[et_pb_section fb_built=\u00bb1&#8243; _builder_version=\u00bb4.16&#8243; custom_padding=\u00bb0px||10px||false|false\u00bb global_colors_info=\u00bb{}\u00bb][et_pb_row _builder_version=\u00bb4.16&#8243; background_size=\u00bbinitial\u00bb background_position=\u00bbtop_left\u00bb background_repeat=\u00bbrepeat\u00bb width=\u00bb100%\u00bb custom_padding=\u00bb0px||0px||false|false\u00bb global_colors_info=\u00bb{}\u00bb][et_pb_column type=\u00bb4_4&#8243; _builder_version=\u00bb4.16&#8243; custom_padding=\u00bb|||\u00bb global_colors_info=\u00bb{}\u00bb custom_padding__hover=\u00bb|||\u00bb][et_pb_wc_cart_notice _builder_version=\u00bb4.27.2&#8243; title_font=\u00bb|600|||||||\u00bb title_font_size=\u00bb14px\u00bb error_font=\u00bb|600|||||||\u00bb error_font_size=\u00bb14px\u00bb background_color=\u00bb#335fca\u00bb custom_button=\u00bbon\u00bb button_text_size=\u00bb15px\u00bb button_text_color=\u00bb#335fca\u00bb button_bg_color=\u00bb#FFFFFF\u00bb button_border_width=\u00bb0px\u00bb button_border_radius=\u00bb10px\u00bb button_font=\u00bb|600|||||||\u00bb button_icon=\u00bb&#xe015;||divi||400&#8243; button_icon_placement=\u00bbleft\u00bb border_radii=\u00bbon|15px|15px|15px|15px\u00bb global_colors_info=\u00bb{}\u00bb][\/et_pb_wc_cart_notice][\/et_pb_column][\/et_pb_row][et_pb_row column_structure=\u00bb1_2,1_2&#8243; _builder_version=\u00bb4.16&#8243; background_size=\u00bbinitial\u00bb background_position=\u00bbtop_left\u00bb background_repeat=\u00bbrepeat\u00bb width=\u00bb100%\u00bb custom_padding=\u00bb0px||9px||false|false\u00bb global_colors_info=\u00bb{}\u00bb][et_pb_column type=\u00bb1_2&#8243; _builder_version=\u00bb4.16&#8243; custom_padding=\u00bb|||\u00bb global_colors_info=\u00bb{}\u00bb custom_padding__hover=\u00bb|||\u00bb][et_pb_wc_images _builder_version=\u00bb4.16&#8243; global_colors_info=\u00bb{}\u00bb][\/et_pb_wc_images][\/et_pb_column][et_pb_column type=\u00bb1_2&#8243; _builder_version=\u00bb4.16&#8243; custom_padding=\u00bb|||\u00bb global_colors_info=\u00bb{}\u00bb custom_padding__hover=\u00bb|||\u00bb][et_pb_wc_title _builder_version=\u00bb4.27.2&#8243; header_font=\u00bb|600|||||||\u00bb header_text_align=\u00bbleft\u00bb header_font_size=\u00bb27px\u00bb global_colors_info=\u00bb{}\u00bb][\/et_pb_wc_title][et_pb_wc_rating _builder_version=\u00bb4.27.2&#8243; rating_text_color=\u00bb#335fca\u00bb rating_letter_spacing=\u00bb2px\u00bb global_colors_info=\u00bb{}\u00bb][\/et_pb_wc_rating][et_pb_wc_price _builder_version=\u00bb4.27.2&#8243; body_text_color=\u00bb#4679d2&#8243; body_font_size=\u00bb25px\u00bb global_colors_info=\u00bb{}\u00bb][\/et_pb_wc_price][et_pb_wc_description _builder_version=\u00bb4.27.2&#8243; global_colors_info=\u00bb{}\u00bb][\/et_pb_wc_description][et_pb_wc_add_to_cart _builder_version=\u00bb4.27.3&#8243; fields_text_color=\u00bb#000000&#8243; fields_font=\u00bb|600|||||||\u00bb fields_text_align=\u00bbcenter\u00bb fields_font_size=\u00bb13px\u00bb custom_button=\u00bbon\u00bb button_text_color=\u00bb#FFFFFF\u00bb button_bg_color=\u00bb#0C71C3&#8243; button_border_width=\u00bb0px\u00bb button_border_radius=\u00bb10px\u00bb button_icon=\u00bb&#x50;||divi||400&#8243; hover_enabled=\u00bb0&#8243; border_radii_fields=\u00bbon|10px|10px|10px|10px\u00bb global_colors_info=\u00bb{}\u00bb button_bg_enable_color=\u00bbon\u00bb sticky_enabled=\u00bb0&#8243;][\/et_pb_wc_add_to_cart][et_pb_wc_meta _builder_version=\u00bb4.27.2&#8243; global_colors_info=\u00bb{}\u00bb][\/et_pb_wc_meta][\/et_pb_column][\/et_pb_row][et_pb_row _builder_version=\u00bb4.16&#8243; background_size=\u00bbinitial\u00bb background_position=\u00bbtop_left\u00bb background_repeat=\u00bbrepeat\u00bb width=\u00bb100%\u00bb custom_padding=\u00bb||10px|||\u00bb global_colors_info=\u00bb{}\u00bb][et_pb_column type=\u00bb4_4&#8243; _builder_version=\u00bb4.16&#8243; custom_padding=\u00bb|||\u00bb global_colors_info=\u00bb{}\u00bb custom_padding__hover=\u00bb|||\u00bb][et_pb_wc_tabs include_tabs=\u00bbdescription|\u00bb _builder_version=\u00bb4.27.2&#8243; body_text_align=\u00bbjustify\u00bb global_colors_info=\u00bb{}\u00bb]\t\t\t\t\t[\/et_pb_wc_tabs][et_pb_wc_upsells _builder_version=\u00bb4.16&#8243; global_colors_info=\u00bb{}\u00bb][\/et_pb_wc_upsells][et_pb_wc_related_products include_categories=\u00bb24&#8243; _builder_version=\u00bb4.27.2&#8243; title_font=\u00bb|600|||||||\u00bb product_title_font=\u00bb|600|||||||\u00bb product_title_text_align=\u00bbcenter\u00bb product_title_text_color=\u00bb#0244c4&#8243; product_title_font_size=\u00bb16px\u00bb product_title_line_height=\u00bb1em\u00bb price_font=\u00bb||||||||\u00bb price_text_align=\u00bbcenter\u00bb price_text_color=\u00bb#000000&#8243; global_colors_info=\u00bb{}\u00bb][\/et_pb_wc_related_products][\/et_pb_column][\/et_pb_row][\/et_pb_section]<\/p>\n","protected":false},"excerpt":{"rendered":"<p>Este monitor ofrece una experiencia visual superior gracias a su panel IPS, que proporciona colores vivos y \u00e1ngulos de visi\u00f3n amplios, ideal para disfrutar de tus juegos favoritos.<\/p>\n","protected":false},"featured_media":179,"comment_status":"open","ping_status":"closed","template":"","meta":{"_et_pb_use_builder":"on","_et_pb_old_content":"DESATA TU POTENCIAL GAMING\r\nEste monitor ofrece una experiencia visual superior gracias a su panel IPS, que proporciona colores vivos y \u00e1ngulos de visi\u00f3n amplios, ideal para disfrutar de tus juegos favoritos. Con un tiempo de respuesta de 5 ms y una frecuencia de actualizaci\u00f3n de 75 Hz, tus juegos se desarrollar\u00e1n de una manera fluida y sin retrasos. Adem\u00e1s, su puerto USB-C asegura una conectividad r\u00e1pida y sencilla, destacando por su funcionalidad de transmisi\u00f3n de video.","_et_gb_content_width":""},"product_cat":[23,21],"product_tag":[],"class_list":{"0":"post-178","1":"product","2":"type-product","3":"status-publish","4":"has-post-thumbnail","6":"product_cat-monitores","7":"product_cat-xtreme-pc-gaming","9":"first","10":"instock","11":"shipping-taxable","12":"purchasable","13":"product-type-simple"},"_links":{"self":[{"href":"https:\/\/decme.armesis.com\/index.php\/wp-json\/wp\/v2\/product\/178","targetHints":{"allow":["GET"]}}],"collection":[{"href":"https:\/\/decme.armesis.com\/index.php\/wp-json\/wp\/v2\/product"}],"about":[{"href":"https:\/\/decme.armesis.com\/index.php\/wp-json\/wp\/v2\/types\/product"}],"replies":[{"embeddable":true,"href":"https:\/\/decme.armesis.com\/index.php\/wp-json\/wp\/v2\/comments?post=178"}],"wp:featuredmedia":[{"embeddable":true,"href":"https:\/\/decme.armesis.com\/index.php\/wp-json\/wp\/v2\/media\/179"}],"wp:attachment":[{"href":"https:\/\/decme.armesis.com\/index.php\/wp-json\/wp\/v2\/media?parent=178"}],"wp:term":[{"taxonomy":"product_cat","embeddable":true,"href":"https:\/\/decme.armesis.com\/index.php\/wp-json\/wp\/v2\/product_cat?post=178"},{"taxonomy":"product_tag","embeddable":true,"href":"https:\/\/decme.armesis.com\/index.php\/wp-json\/wp\/v2\/product_tag?post=178"}],"curies":[{"name":"wp","href":"https:\/\/api.w.org\/{rel}","templated":true}]}}